{"id":31690,"date":"2026-05-10T08:11:52","date_gmt":"2026-05-10T08:11:52","guid":{"rendered":"https:\/\/karfler.shop\/product\/auto-vox-7-2-dvr-solar-ruckfahrkamera-kabellos-2min-schnellinstallation-1080p-batteriebetriebene-unterstutzt-2-kanale-ip69k-wasserdicht-ruckfahrkamera-funk-fur-pkw-suv-transporter-lkw-anhanger\/"},"modified":"2026-05-12T14:57:42","modified_gmt":"2026-05-12T14:57:42","slug":"auto-vox-7-2-dvr-solar-ruckfahrkamera-kabellos-2min-schnellinstallation-1080p-batteriebetriebene-unterstutzt-2-kanale-ip69k-wasserdicht-ruckfahrkamera-funk-fur-pkw-suv-transporter-lkw-anhanger","status":"publish","type":"product","link":"https:\/\/karfler.shop\/en\/product\/auto-vox-7-2-dvr-solar-ruckfahrkamera-kabellos-2min-schnellinstallation-1080p-batteriebetriebene-unterstutzt-2-kanale-ip69k-wasserdicht-ruckfahrkamera-funk-fur-pkw-suv-transporter-lkw-anhanger\/","title":{"rendered":"AUTO-VOX 7,2&#8243; DVR Solar R\u00fcckfahrkamera, kabellos, 1080P, 2 Kan\u00e4le, 2 Min Installation, IP69K wasserdicht, f\u00fcr PKW, SUV &#038; LKW"},"content":{"rendered":"<p><strong>Product Overview<\/strong><\/p>\n<ul>\n<li>\n<strong>Marke:<\/strong> AUTO-VOX<\/li>\n<li>\n<strong>Kompatible Ger\u00e4te:<\/strong> Monitor<\/li>\n<li>\n<strong>Installationstyp:<\/strong> Oberfl\u00e4chenmontage<\/li>\n<li>\n<strong>Spannung:<\/strong> 12 Volt<\/li>\n<li>\n<strong>Optische Sensortechnologie:<\/strong> CMOS<\/li>\n<li>\n<strong>Objektivtyp:<\/strong> Weitwinkel<\/li>\n<li>\n<strong>Echter Blickwinkel:<\/strong> 170 Grad<\/li>\n<li>\n<strong>Steckverbindertyp:<\/strong> Kabellos<\/li>\n<li>\n<strong>Gr\u00f6\u00dfe des optischen Sensors:<\/strong> 1\/3 inch<\/li>\n<li>\n<strong>Sichtfeld:<\/strong> 170 Grad<\/li>\n<\/ul>\n<p><strong>Product Features<\/strong><\/p>\n<ul>\n<li>2 Minuten Schnellinstallation: Unsere kabellose solar r\u00fcckfahrkamera mit 7,2 zoll display ist in nur 2 minuten installiert \u2013 ohne verkabelung, bohren oder anschluss an die beleuchtung. Nur ein schraubenzieher ist n\u00f6tig<\/li>\n<li>HD 1080P &#038; Nachtsicht: Dank CMOS-Sensor und 1080P aufl\u00f6sung liefert die r\u00fcckfahrkamera solar klare, farbechte bilder \u2013 auch nachts! Mit einer Lichtempfindlichkeit von nur 0,1 Lux bleibt die sicht stets scharf und sicher<\/li>\n<li>Stabiles Funksignal (Bis 52FT): OFDM\/CCK-Technologie mit Frequenzsprung sorgt f\u00fcr unterbrechungsfreie \u00dcbertragung. Funk r\u00fcckfahrkamera ideal f\u00fcr PKW, Transporter, LKW und Anh\u00e4nger<\/li>\n<li>Loop-Aufnahme mit SD-Karte (8-64 GB): Auto r\u00fcckfahrkamera Automatische \u00dcberschreibung alter Aufnahmen (optional). Klasse-10-Speicherkarte f\u00fcr fl\u00fcssige Full-HD-Aufnahmen \u2013 ideal zur Beweissicherung bei Unf\u00e4llen<\/li>\n<li>Einfache Montage am Nummernschild: R\u00fcckfahrkamera auto passend f\u00fcr EU-Kennzeichen, blockiert kein Licht. Diebstahlsicherung durch Spezialschrauben (Werkzeug inklusive)<\/li>\n<\/ul>\n<p><strong>Product Information<\/strong><\/p>\n<ul>\n<table style=\"margin-bottom:20px\">\n<tbody>\n<tr>\n<td><strong>Ma\u00dfeinheit Bildschirmdiagonale<\/strong><\/td>\n<td>7,2 Zoll<\/td>\n<\/tr>\n<tr>\n<td><strong>Kompatible Ger\u00e4te<\/strong><\/td>\n<td>Monitor<\/td>\n<\/tr>\n<tr>\n<td><strong>Display-Technologie<\/strong><\/td>\n<td>LCD<\/td>\n<\/tr>\n<tr>\n<td><strong>Video-Capture-Aufl\u00f6sung<\/strong><\/td>\n<td>1080p<\/td>\n<\/tr>\n<tr>\n<td><strong>Batterie-Spannung<\/strong><\/td>\n<td>12 Volt<\/td>\n<\/tr>\n<tr>\n<td><strong>Optische Sensor-Technologie<\/strong><\/td>\n<td>CMOS<\/td>\n<\/tr>\n<tr>\n<td><strong>Effektive Standbildaufl\u00f6sung<\/strong><\/td>\n<td>1080 Pixel<\/td>\n<\/tr>\n<tr>\n<td><strong>Linsentyp<\/strong><\/td>\n<td>Weitwinkel<\/td>\n<\/tr>\n<tr>\n<td><strong>Tats\u00e4chlicher Blickwinkel<\/strong><\/td>\n<td>170 Grad<\/td>\n<\/tr>\n<tr>\n<td><strong>Analoge RGB-Eing\u00e4nge<\/strong><\/td>\n<td>Kabellos<\/td>\n<\/tr>\n<tr>\n<td><strong>Gr\u00f6\u00dfe des optischen Sensors<\/strong><\/td>\n<td>1\/3 inch<\/td>\n<\/tr>\n<tr>\n<td><strong>Marke<\/strong><\/td>\n<td>AUTO-VOX<\/td>\n<\/tr>\n<tr>\n<td><strong>Hersteller<\/strong><\/td>\n<td>AUTO-VOX<\/td>\n<\/tr>\n<tr>\n<td><strong>Herkunftsland<\/strong><\/td>\n<td>China<\/td>\n<\/tr>\n<tr>\n<td><strong>Amazon Bestseller-Rang<\/strong><\/td>\n<td><\/td>\n<\/tr>\n<tr>\n<td><strong>ASIN<\/strong><\/td>\n<td>B0DWSB6FKC<\/td>\n<\/tr>\n<tr>\n<td><strong>Durchschnittliche Kundenbewertung<\/strong><\/td>\n<td><\/td>\n<\/tr>\n<tr>\n<td><strong>Montageart<\/strong><\/td>\n<td>Oberfl\u00e4chenmontage<\/td>\n<\/tr>\n<\/tbody>\n<\/table>\n<\/ul>","protected":false},"excerpt":{"rendered":"<p>Product Overview Marke: AUTO-VOX Kompatible Ger\u00e4te: Monitor Installationstyp: Oberfl\u00e4chenmontage Spannung: 12 Volt Optische Sensortechnologie: CMOS Objektivtyp: Weitwinkel Echter Blickwinkel: 170<\/p>","protected":false},"featured_media":31694,"comment_status":"open","ping_status":"closed","template":"","meta":[],"product_brand":[],"product_cat":[150,151,152],"product_tag":[],"class_list":{"0":"post-31690","1":"product","2":"type-product","3":"status-publish","4":"has-post-thumbnail","6":"product_cat-collection-1","7":"product_cat-collection-2","8":"product_cat-startseite","10":"first","11":"instock","12":"sale","13":"shipping-taxable","14":"purchasable","15":"product-type-variable"},"jetpack_sharing_enabled":true,"_links":{"self":[{"href":"https:\/\/karfler.shop\/en\/wp-json\/wp\/v2\/product\/31690","targetHints":{"allow":["GET"]}}],"collection":[{"href":"https:\/\/karfler.shop\/en\/wp-json\/wp\/v2\/product"}],"about":[{"href":"https:\/\/karfler.shop\/en\/wp-json\/wp\/v2\/types\/product"}],"replies":[{"embeddable":true,"href":"https:\/\/karfler.shop\/en\/wp-json\/wp\/v2\/comments?post=31690"}],"version-history":[{"count":1,"href":"https:\/\/karfler.shop\/en\/wp-json\/wp\/v2\/product\/31690\/revisions"}],"predecessor-version":[{"id":31935,"href":"https:\/\/karfler.shop\/en\/wp-json\/wp\/v2\/product\/31690\/revisions\/31935"}],"wp:featuredmedia":[{"embeddable":true,"href":"https:\/\/karfler.shop\/en\/wp-json\/wp\/v2\/media\/31694"}],"wp:attachment":[{"href":"https:\/\/karfler.shop\/en\/wp-json\/wp\/v2\/media?parent=31690"}],"wp:term":[{"taxonomy":"product_brand","embeddable":true,"href":"https:\/\/karfler.shop\/en\/wp-json\/wp\/v2\/product_brand?post=31690"},{"taxonomy":"product_cat","embeddable":true,"href":"https:\/\/karfler.shop\/en\/wp-json\/wp\/v2\/product_cat?post=31690"},{"taxonomy":"product_tag","embeddable":true,"href":"https:\/\/karfler.shop\/en\/wp-json\/wp\/v2\/product_tag?post=31690"}],"curies":[{"name":"wp","href":"https:\/\/api.w.org\/{rel}","templated":true}]}}