{"id":31695,"date":"2026-05-10T08:11:53","date_gmt":"2026-05-10T08:11:53","guid":{"rendered":"https:\/\/karfler.shop\/product\/eufycam-s4-2-kamera-set-kabellose-solar-uberwachungskamera-aussen-3-linsen-bullet-ptz-kamera-4k-uhd-360-multi-kamera-tracking-auto-tracking-8-hybridzoom-farbnachtsicht-16tb-lokaler-speicher\/"},"modified":"2026-05-12T14:57:39","modified_gmt":"2026-05-12T14:57:39","slug":"eufycam-s4-2-kamera-set-kabellose-solar-uberwachungskamera-aussen-3-linsen-bullet-ptz-kamera-4k-uhd-360-multi-kamera-tracking-auto-tracking-8-hybridzoom-farbnachtsicht-16tb-lokaler-speicher","status":"publish","type":"product","link":"https:\/\/karfler.shop\/en\/product\/eufycam-s4-2-kamera-set-kabellose-solar-uberwachungskamera-aussen-3-linsen-bullet-ptz-kamera-4k-uhd-360-multi-kamera-tracking-auto-tracking-8-hybridzoom-farbnachtsicht-16tb-lokaler-speicher\/","title":{"rendered":"eufy eufyCam S4 2-Kamera-Set, Solar, 4K UHD, 3-Linsen Bullet-PTZ, 360\u00b0 Auto-Tracking, 8x Hybridzoom, Farbnachtsicht, 16TB lokaler Speicher"},"content":{"rendered":"<p><strong>Product Overview<\/strong><\/p>\n<ul>\n<li>\n<strong>Marke:<\/strong> eufy Security<\/li>\n<li>\n<strong>Modellname:<\/strong> T8172<\/li>\n<li>\n<strong>Konnektivit\u00e4tstechnologie:<\/strong> Kabellos<\/li>\n<li>\n<strong>Zur Verwendung im Innen- und Au\u00dfenbereich:<\/strong> Au\u00dfenbereich<\/li>\n<li>\n<strong>Kompatible Ger\u00e4te:<\/strong> Smartphone<\/li>\n<\/ul>\n<p><strong>Product Features<\/strong><\/p>\n<ul>\n<li>Innovative 3\u2011Linsen Bullet\u2011PTZ\u2011Kamera: Ersetzt und \u00fcbertrifft separate Bullet\u2011 und PTZ\u2011Kameras \u2013 erfasst Gesamtbild und Details zugleich. Oben: 4K\u2011Bullet\u2011Linse (130\u00b0 Fixwinkel) f\u00fcr den \u00dcberblick. Unten: 2K\u2011Dual\u2011PTZ mit 360\u00b0 Tracking und Zoom.<\/li>\n<li>Bullet\u2011PTZ\u2011Tracking mit Auto\u2011Framing: Erkennt die Bullet\u2011Kamera ein Objekt, verfolgt die PTZ\u2011Kamera es automatisch und zoomt bis 50m. Bei mehreren Personen wird herausgezoomt. Mit HomeBase\u202fS380 zeigt Multi-Kamera\u2011Tracking das gesamte Geschehen.<\/li>\n<li>SolarPlus\u2011Technologie f\u00fcr Dauerbetrieb: Das 5,5W Solarmodul mit SolarPlus 2.0 versorgt die Kamera das ganze Jahr \u2013 schon eine Stunde Sonne pro Tag reicht. Das abnehmbare Design erm\u00f6glicht eine flexible und einfache Montage.<\/li>\n<li>Pr\u00e4zise Erkennung &#038; Abschreckung: Radar\u2011 und PIR\u2011Sensoren erkennen Bewegungen zuverl\u00e4ssig und verringern Fehlalarme. Bei Gefahr in den festgelegten Zonen aktivieren sich rot\u2011blaue Warnlichter und eine 105dB Sirene zur Abschreckung.<\/li>\n<li>Noch st\u00e4rker mit HomeBase\u202fS380: Mit integrierter BionicMind\u2011KI und 16GB\u202fSpeicher, erweiterbar auf bis zu\u202f16TB. Nutze die aktuelle eufy\u202fApp und Firmware\u202f(V3.7.2.8\u202foder\u202fh\u00f6her), um 24\/7\u2011Aufzeichnung und Snapshots zu aktivieren. Andere HomeBases\u202f(S280\/Mini\/Professional) sowie eufy\u202fNVR werden nicht unterst\u00fctzt.<\/li>\n<\/ul>\n<p><strong>Product Information<\/strong><\/p>\n<ul>\n<table style=\"margin-bottom:20px\">\n<tbody>\n<tr>\n<td><strong>Verwendung im Innen- und Au\u00dfenbereich<\/strong><\/td>\n<td>Au\u00dfenbereich<\/td>\n<\/tr>\n<tr>\n<td><strong>Kompatible Produkte<\/strong><\/td>\n<td>Smartphone<\/td>\n<\/tr>\n<tr>\n<td><strong>Steckerprofil<\/strong><\/td>\n<td>\u58c1\u6302\u5f0f<\/td>\n<\/tr>\n<tr>\n<td><strong>Farbe<\/strong><\/td>\n<td>Black+white<\/td>\n<\/tr>\n<tr>\n<td><strong>Formfaktor<\/strong><\/td>\n<td>Kugel<\/td>\n<\/tr>\n<tr>\n<td><strong>Installationsmethode<\/strong><\/td>\n<td>Einschraubbar<\/td>\n<\/tr>\n<tr>\n<td><strong>Warntyp<\/strong><\/td>\n<td>Audio &#038; Bewegung<\/td>\n<\/tr>\n<tr>\n<td><strong>Leuchtmitteltyp<\/strong><\/td>\n<td>LED<\/td>\n<\/tr>\n<tr>\n<td><strong>Netzwerkverbindung<\/strong><\/td>\n<td>Kabellos<\/td>\n<\/tr>\n<tr>\n<td><strong>Konnektivit\u00e4tsprotokoll<\/strong><\/td>\n<td>Wi-Fi<\/td>\n<\/tr>\n<tr>\n<td><strong>Wireless-Technologie<\/strong><\/td>\n<td>WLAN<\/td>\n<\/tr>\n<tr>\n<td><strong>Batterien werden ben\u00f6tigt<\/strong><\/td>\n<td>Nein<\/td>\n<\/tr>\n<tr>\n<td><strong>Batterieleistung<\/strong><\/td>\n<td>36 Wattstunden<\/td>\n<\/tr>\n<tr>\n<td><strong>Format f\u00fcr Videoaufnahmen<\/strong><\/td>\n<td>MP4<\/td>\n<\/tr>\n<tr>\n<td><strong>Marke<\/strong><\/td>\n<td>eufy Security<\/td>\n<\/tr>\n<tr>\n<td><strong>Modellname<\/strong><\/td>\n<td>T8172<\/td>\n<\/tr>\n<tr>\n<td><strong>Anzahl an Einzelartikeln<\/strong><\/td>\n<td>1<\/td>\n<\/tr>\n<tr>\n<td><strong>Enthaltene Komponenten<\/strong><\/td>\n<td>Bedienungsanleitung<\/td>\n<\/tr>\n<tr>\n<td><strong>Hersteller-Modellnummer<\/strong><\/td>\n<td>T8172<\/td>\n<\/tr>\n<tr>\n<td><strong>Herkunftsland<\/strong><\/td>\n<td>China<\/td>\n<\/tr>\n<tr>\n<td><strong>UPC<\/strong><\/td>\n<td>194644269005<\/td>\n<\/tr>\n<tr>\n<td><strong>Artikeltypbezeichnung<\/strong><\/td>\n<td>SECURITY_CAMERA<\/td>\n<\/tr>\n<tr>\n<td><strong>Hersteller<\/strong><\/td>\n<td>Anker<\/td>\n<\/tr>\n<tr>\n<td><strong>Amazon Bestseller-Rang<\/strong><\/td>\n<td><\/td>\n<\/tr>\n<tr>\n<td><strong>ASIN<\/strong><\/td>\n<td>B0FH514HMF<\/td>\n<\/tr>\n<tr>\n<td><strong>Durchschnittliche Kundenbewertung<\/strong><\/td>\n<td><\/td>\n<\/tr>\n<tr>\n<td><strong>Video-Capture-Aufl\u00f6sung<\/strong><\/td>\n<td>4k<\/td>\n<\/tr>\n<tr>\n<td><strong>Artikelabmessungen<\/strong><\/td>\n<td>30 x 20 x 15 cm<\/td>\n<\/tr>\n<tr>\n<td><strong>Anzahl von Einheiten<\/strong><\/td>\n<td>3.0 st\u00fcck<\/td>\n<\/tr>\n<\/tbody>\n<\/table>\n<\/ul>","protected":false},"excerpt":{"rendered":"<p>Product Overview Marke: eufy Security Modellname: T8172 Konnektivit\u00e4tstechnologie: Kabellos Zur Verwendung im Innen- und Au\u00dfenbereich: Au\u00dfenbereich Kompatible Ger\u00e4te: Smartphone Product<\/p>","protected":false},"featured_media":31743,"comment_status":"open","ping_status":"closed","template":"","meta":[],"product_brand":[],"product_cat":[150,151,152],"product_tag":[],"class_list":{"0":"post-31695","1":"product","2":"type-product","3":"status-publish","4":"has-post-thumbnail","6":"product_cat-collection-1","7":"product_cat-collection-2","8":"product_cat-startseite","10":"first","11":"instock","12":"sale","13":"shipping-taxable","14":"purchasable","15":"product-type-variable"},"jetpack_sharing_enabled":true,"_links":{"self":[{"href":"https:\/\/karfler.shop\/en\/wp-json\/wp\/v2\/product\/31695","targetHints":{"allow":["GET"]}}],"collection":[{"href":"https:\/\/karfler.shop\/en\/wp-json\/wp\/v2\/product"}],"about":[{"href":"https:\/\/karfler.shop\/en\/wp-json\/wp\/v2\/types\/product"}],"replies":[{"embeddable":true,"href":"https:\/\/karfler.shop\/en\/wp-json\/wp\/v2\/comments?post=31695"}],"version-history":[{"count":1,"href":"https:\/\/karfler.shop\/en\/wp-json\/wp\/v2\/product\/31695\/revisions"}],"predecessor-version":[{"id":31933,"href":"https:\/\/karfler.shop\/en\/wp-json\/wp\/v2\/product\/31695\/revisions\/31933"}],"wp:featuredmedia":[{"embeddable":true,"href":"https:\/\/karfler.shop\/en\/wp-json\/wp\/v2\/media\/31743"}],"wp:attachment":[{"href":"https:\/\/karfler.shop\/en\/wp-json\/wp\/v2\/media?parent=31695"}],"wp:term":[{"taxonomy":"product_brand","embeddable":true,"href":"https:\/\/karfler.shop\/en\/wp-json\/wp\/v2\/product_brand?post=31695"},{"taxonomy":"product_cat","embeddable":true,"href":"https:\/\/karfler.shop\/en\/wp-json\/wp\/v2\/product_cat?post=31695"},{"taxonomy":"product_tag","embeddable":true,"href":"https:\/\/karfler.shop\/en\/wp-json\/wp\/v2\/product_tag?post=31695"}],"curies":[{"name":"wp","href":"https:\/\/api.w.org\/{rel}","templated":true}]}}