{"id":31698,"date":"2026-05-10T08:11:53","date_gmt":"2026-05-10T08:11:53","guid":{"rendered":"https:\/\/karfler.shop\/product\/eufy-security-eufycam-s4-kabellose-solar-outdoor-uberwachungskamera-3-linsen-bullet-ptz-kamera-4k-uhd-360-multi-kamera-auto-tracking-8-hybridzoom-farbnachtsicht-kompatibel-mit-homebase-s380\/"},"modified":"2026-05-12T14:57:40","modified_gmt":"2026-05-12T14:57:40","slug":"eufy-security-eufycam-s4-kabellose-solar-outdoor-uberwachungskamera-3-linsen-bullet-ptz-kamera-4k-uhd-360-multi-kamera-auto-tracking-8-hybridzoom-farbnachtsicht-kompatibel-mit-homebase-s380","status":"publish","type":"product","link":"https:\/\/karfler.shop\/en\/product\/eufy-security-eufycam-s4-kabellose-solar-outdoor-uberwachungskamera-3-linsen-bullet-ptz-kamera-4k-uhd-360-multi-kamera-auto-tracking-8-hybridzoom-farbnachtsicht-kompatibel-mit-homebase-s380\/","title":{"rendered":"eufy Security eufyCam S4 Solar, 4K UHD, 3-Linsen Bullet-PTZ, 360\u00b0 Auto-Tracking, 8x Hybridzoom, Farbnachtsicht, f\u00fcr HomeBase S380"},"content":{"rendered":"<p><strong>Product Overview<\/strong><\/p>\n<ul>\n<li>\n<strong>Empfohlene Anwendungen f\u00fcr Produkt:<\/strong> Au\u00dfenbereich Sicherheit<\/li>\n<li>\n<strong>Marke:<\/strong> eufy Security<\/li>\n<li>\n<strong>Modellname:<\/strong> T8172<\/li>\n<li>\n<strong>Konnektivit\u00e4tstechnologie:<\/strong> Kabellos<\/li>\n<li>\n<strong>Besonderes Merkmal:<\/strong> Nachtsicht<\/li>\n<\/ul>\n<p><strong>Product Features<\/strong><\/p>\n<ul>\n<li>Innovative 3\u2011Linsen Bullet\u2011PTZ\u2011Kamera: Ersetzt und \u00fcbertrifft separate Bullet\u2011 und PTZ\u2011Kameras \u2013 erfasst Gesamtbild und Details zugleich. Oben: 4K\u2011Bullet\u2011Linse (130\u00b0 Fixwinkel) f\u00fcr den \u00dcberblick. Unten: 2K\u2011Dual\u2011PTZ mit 360\u00b0 Tracking und Zoom.<\/li>\n<li>Aktualisiere deine HomeBase S380 auf Version V3.7.2.8 oder h\u00f6her und verwende die aktuelle eufy App, damit deine eufyCam S4 die 24\/7-Aufzeichnung und Snapshot-Funktion unterst\u00fctzt.<\/li>\n<li>SolarPlus\u2011Technologie f\u00fcr Dauerbetrieb: Das 5,5W Solarmodul mit SolarPlu 2.0 versorgt die Kamera das ganze Jahr \u2013 schon eine Stunde Sonne pro Tag reicht. Das abnehmbare Design erm\u00f6glicht eine flexible und einfache Montage.<\/li>\n<li>Pr\u00e4zise Erkennung &#038; Abschreckung: Radar\u2011 und PIR\u2011Sensoren erkennen Bewegungen zuverl\u00e4ssig und verringern Fehlalarme. Bei Gefahr in den festgelegten Zonen aktivieren sich rot\u2011blaue Warnlichter und eine 105dB Sirene zur Abschreckung.<\/li>\n<li>Extra Speicher &#038; 24\/7\u2011Aufzeichnung: 32GB intern, erweiterbar auf 256GB per microSD (optional). Austauschbarer Akku f\u00fcr schnellen Wechsel sorgt f\u00fcr l\u00fcckenlose \u00dcberwachung. Daueraufzeichnung durch Anschluss an ein Netzteil (separat erh\u00e4ltlich).<\/li>\n<\/ul>\n<p><strong>Product Information<\/strong><\/p>\n<ul>\n<table style=\"margin-bottom:20px\">\n<tbody>\n<tr>\n<td><strong>Besondere Merkmale<\/strong><\/td>\n<td>Nachtsicht<\/td>\n<\/tr>\n<tr>\n<td><strong>Verwendung im Innen- und Au\u00dfenbereich<\/strong><\/td>\n<td>Au\u00dfenbereich<\/td>\n<\/tr>\n<tr>\n<td><strong>Steckerprofil<\/strong><\/td>\n<td>Wandmontage<\/td>\n<\/tr>\n<tr>\n<td><strong>Farbe<\/strong><\/td>\n<td>Black+white<\/td>\n<\/tr>\n<tr>\n<td><strong>Netzwerkverbindung<\/strong><\/td>\n<td>Kabellos<\/td>\n<\/tr>\n<tr>\n<td><strong>Konnektivit\u00e4tsprotokoll<\/strong><\/td>\n<td>Wi-Fi<\/td>\n<\/tr>\n<tr>\n<td><strong>Batterien werden ben\u00f6tigt<\/strong><\/td>\n<td>Nein<\/td>\n<\/tr>\n<tr>\n<td><strong>Batterieleistung<\/strong><\/td>\n<td>36 Wattstunden<\/td>\n<\/tr>\n<tr>\n<td><strong>Video-Capture-Aufl\u00f6sung<\/strong><\/td>\n<td>4k<\/td>\n<\/tr>\n<tr>\n<td><strong>Format f\u00fcr Videoaufnahmen<\/strong><\/td>\n<td>MP4<\/td>\n<\/tr>\n<tr>\n<td><strong>Artikelabmessungen<\/strong><\/td>\n<td>30 x 20 x 15 cm<\/td>\n<\/tr>\n<tr>\n<td><strong>Anzahl von Einheiten<\/strong><\/td>\n<td>1.0 st\u00fcck<\/td>\n<\/tr>\n<tr>\n<td><strong>Empfohlene Verw.bereiche f\u00fcr Produkt<\/strong><\/td>\n<td>Au\u00dfenbereich Sicherheit<\/td>\n<\/tr>\n<tr>\n<td><strong>Marke<\/strong><\/td>\n<td>eufy Security<\/td>\n<\/tr>\n<tr>\n<td><strong>Modellname<\/strong><\/td>\n<td>T8172<\/td>\n<\/tr>\n<tr>\n<td><strong>Anzahl an Einzelartikeln<\/strong><\/td>\n<td>1<\/td>\n<\/tr>\n<tr>\n<td><strong>Enthaltene Komponenten<\/strong><\/td>\n<td>Camera &#8211; Solar Panel &#8211; USB Cable &#8211; Camera Wall Mount &#8211; Solar Panel Mounting Bracket &#8211; Solar Panel Extension Cable &#8211; Positioning Stickers &#8211; Screw Packs &#8211; Quick Starter Guide<\/td>\n<\/tr>\n<tr>\n<td><strong>Hersteller-Modellnummer<\/strong><\/td>\n<td>T8172<\/td>\n<\/tr>\n<tr>\n<td><strong>Herkunftsland<\/strong><\/td>\n<td>China<\/td>\n<\/tr>\n<tr>\n<td><strong>UPC<\/strong><\/td>\n<td>194644239213<\/td>\n<\/tr>\n<tr>\n<td><strong>Artikeltypbezeichnung<\/strong><\/td>\n<td>SECURITY_CAMERA<\/td>\n<\/tr>\n<tr>\n<td><strong>Hersteller<\/strong><\/td>\n<td>Anker<\/td>\n<\/tr>\n<tr>\n<td><strong>Amazon Bestseller-Rang<\/strong><\/td>\n<td><\/td>\n<\/tr>\n<tr>\n<td><strong>ASIN<\/strong><\/td>\n<td>B0FH52BSZ7<\/td>\n<\/tr>\n<tr>\n<td><strong>Durchschnittliche Kundenbewertung<\/strong><\/td>\n<td><\/td>\n<\/tr>\n<\/tbody>\n<\/table>\n<\/ul>","protected":false},"excerpt":{"rendered":"<p>Product Overview Empfohlene Anwendungen f\u00fcr Produkt: Au\u00dfenbereich Sicherheit Marke: eufy Security Modellname: T8172 Konnektivit\u00e4tstechnologie: Kabellos Besonderes Merkmal: Nachtsicht Product Features<\/p>","protected":false},"featured_media":31754,"comment_status":"open","ping_status":"closed","template":"","meta":[],"product_brand":[],"product_cat":[150,151,152],"product_tag":[],"class_list":{"0":"post-31698","1":"product","2":"type-product","3":"status-publish","4":"has-post-thumbnail","6":"product_cat-collection-1","7":"product_cat-collection-2","8":"product_cat-startseite","10":"first","11":"instock","12":"sale","13":"shipping-taxable","14":"purchasable","15":"product-type-variable"},"jetpack_sharing_enabled":true,"_links":{"self":[{"href":"https:\/\/karfler.shop\/en\/wp-json\/wp\/v2\/product\/31698","targetHints":{"allow":["GET"]}}],"collection":[{"href":"https:\/\/karfler.shop\/en\/wp-json\/wp\/v2\/product"}],"about":[{"href":"https:\/\/karfler.shop\/en\/wp-json\/wp\/v2\/types\/product"}],"replies":[{"embeddable":true,"href":"https:\/\/karfler.shop\/en\/wp-json\/wp\/v2\/comments?post=31698"}],"version-history":[{"count":1,"href":"https:\/\/karfler.shop\/en\/wp-json\/wp\/v2\/product\/31698\/revisions"}],"predecessor-version":[{"id":31934,"href":"https:\/\/karfler.shop\/en\/wp-json\/wp\/v2\/product\/31698\/revisions\/31934"}],"wp:featuredmedia":[{"embeddable":true,"href":"https:\/\/karfler.shop\/en\/wp-json\/wp\/v2\/media\/31754"}],"wp:attachment":[{"href":"https:\/\/karfler.shop\/en\/wp-json\/wp\/v2\/media?parent=31698"}],"wp:term":[{"taxonomy":"product_brand","embeddable":true,"href":"https:\/\/karfler.shop\/en\/wp-json\/wp\/v2\/product_brand?post=31698"},{"taxonomy":"product_cat","embeddable":true,"href":"https:\/\/karfler.shop\/en\/wp-json\/wp\/v2\/product_cat?post=31698"},{"taxonomy":"product_tag","embeddable":true,"href":"https:\/\/karfler.shop\/en\/wp-json\/wp\/v2\/product_tag?post=31698"}],"curies":[{"name":"wp","href":"https:\/\/api.w.org\/{rel}","templated":true}]}}