{"id":31701,"date":"2026-05-10T08:11:54","date_gmt":"2026-05-10T08:11:54","guid":{"rendered":"https:\/\/karfler.shop\/product\/eufy-security-solocam-2pack-uberwachungskamera-aussen-solar-360-uberwachung-keine-toten-winkel-uberwachungskamera-aussen-mit-2-4-ghz-wlan-gebuhrenfreie-nutzung-homebase-3-kompatibel\/"},"modified":"2026-05-12T14:57:35","modified_gmt":"2026-05-12T14:57:35","slug":"eufy-security-solocam-2pack-uberwachungskamera-aussen-solar-360-uberwachung-keine-toten-winkel-uberwachungskamera-aussen-mit-2-4-ghz-wlan-gebuhrenfreie-nutzung-homebase-3-kompatibel","status":"publish","type":"product","link":"https:\/\/karfler.shop\/en\/product\/eufy-security-solocam-2pack-uberwachungskamera-aussen-solar-360-uberwachung-keine-toten-winkel-uberwachungskamera-aussen-mit-2-4-ghz-wlan-gebuhrenfreie-nutzung-homebase-3-kompatibel\/","title":{"rendered":"eufy SoloCam 2-Pack Solar, 360\u00b0-\u00dcberwachung, 2,4GHz WLAN, keine toten Winkel, geb\u00fchrenfrei, HomeBase 3 kompatibel"},"content":{"rendered":"<p><strong>Product Overview<\/strong><\/p>\n<ul>\n<li>\n<strong>Empfohlene Anwendungen f\u00fcr Produkt:<\/strong> Outdoor Home Security<\/li>\n<li>\n<strong>Marke:<\/strong> eufy Security<\/li>\n<li>\n<strong>Modellname:<\/strong> T8170<\/li>\n<li>\n<strong>Konnektivit\u00e4tstechnologie:<\/strong> Kabellos<\/li>\n<li>\n<strong>Besonderes Merkmal:<\/strong> Solar Panel kompatibel, Color Night Vision, Built-in Spotlight, Sirenen-Alarm<\/li>\n<\/ul>\n<p><strong>Product Features<\/strong><\/p>\n<ul>\n<li>DUAL-KAMERA-KLARHEIT BIS ZU 15m: Halte jedes Ereignis in deinem Zuhause in ultra-klarer 3K-Aufl\u00f6sung fest. Mit 8\u00d7 Zoom siehst du genau, wer sich deinem Zuhause n\u00e4hert.<\/li>\n<li>SOLARBETRIEBEN, EINMAL INSTALLIERT \u2013 IMMER AKTIV: Erlebe dauerhafte Sicherheit mit der solarbetriebenen Kamera, die dank abnehmbarem Solarpanel einfach einzurichten und immer bereit ist.<\/li>\n<li>360\u00b0 \u00dcBERWACHUNG OHNE TOTE WINKEL: \u00dcberwache dein Zuhause mit 360\u00b0 Abdeckung und on-device AI, die automatisch bewegliche Objekte verfolgt. Halte im Blick, was dir wichtig ist.<\/li>\n<li>ZWEI ANSICHTEN: Behalte die \u00dcbersicht und zoome gleichzeitig auf wichtige Details &#8211; alles in einem Bild.<\/li>\n<li>VIELSEITIGE INSTALLATION, M\u00dcHELOSE EINRICHTUNG: Die Installation ist dank der kompakten Gr\u00f6\u00dfe und des kabellosen Designs in 5 Minuten erledigt.<\/li>\n<\/ul>\n<p><strong>Product Information<\/strong><\/p>\n<ul>\n<table style=\"margin-bottom:20px\">\n<tbody>\n<tr>\n<td><strong>Besondere Merkmale<\/strong><\/td>\n<td>Solar Panel kompatibel, Color Night Vision, Built-in Spotlight, Sirenen-Alarm<\/td>\n<\/tr>\n<tr>\n<td><strong>Verwendung im Innen- und Au\u00dfenbereich<\/strong><\/td>\n<td>Au\u00dfenbereich<\/td>\n<\/tr>\n<tr>\n<td><strong>Kompatible Produkte<\/strong><\/td>\n<td>iOS, Android<\/td>\n<\/tr>\n<tr>\n<td><strong>Steckerprofil<\/strong><\/td>\n<td>Wandmontage<\/td>\n<\/tr>\n<tr>\n<td><strong>Farbe<\/strong><\/td>\n<td>Black+white<\/td>\n<\/tr>\n<tr>\n<td><strong>Formfaktor<\/strong><\/td>\n<td>Kugel<\/td>\n<\/tr>\n<tr>\n<td><strong>Installationsmethode<\/strong><\/td>\n<td>Wandmontage<\/td>\n<\/tr>\n<tr>\n<td><strong>Warntyp<\/strong><\/td>\n<td>Push Benachrichtigung<\/td>\n<\/tr>\n<tr>\n<td><strong>Leuchtmitteltyp<\/strong><\/td>\n<td>LED Spotlight, Infrared LED<\/td>\n<\/tr>\n<tr>\n<td><strong>Effektive Standbildaufl\u00f6sung<\/strong><\/td>\n<td>3 MP<\/td>\n<\/tr>\n<tr>\n<td><strong>Netzwerkverbindung<\/strong><\/td>\n<td>Kabellos<\/td>\n<\/tr>\n<tr>\n<td><strong>Konnektivit\u00e4tsprotokoll<\/strong><\/td>\n<td>Wi-Fi<\/td>\n<\/tr>\n<tr>\n<td><strong>Wireless-Technologie<\/strong><\/td>\n<td>WLAN<\/td>\n<\/tr>\n<tr>\n<td><strong>Stromquelle<\/strong><\/td>\n<td>Batteriebetrieben<\/td>\n<\/tr>\n<tr>\n<td><strong>Batterien werden ben\u00f6tigt<\/strong><\/td>\n<td>Ja<\/td>\n<\/tr>\n<tr>\n<td><strong>Batterieleistung<\/strong><\/td>\n<td>9400 Unbekannt<\/td>\n<\/tr>\n<tr>\n<td><strong>Videokodierung<\/strong><\/td>\n<td>H.264<\/td>\n<\/tr>\n<tr>\n<td><strong>Format f\u00fcr Videoaufnahmen<\/strong><\/td>\n<td>MP4<\/td>\n<\/tr>\n<tr>\n<td><strong>Nachtsichtbereich<\/strong><\/td>\n<td>9 Meilen<\/td>\n<\/tr>\n<tr>\n<td><strong>Empfohlene Verw.bereiche f\u00fcr Produkt<\/strong><\/td>\n<td>Outdoor Home Security<\/td>\n<\/tr>\n<tr>\n<td><strong>Marke<\/strong><\/td>\n<td>eufy Security<\/td>\n<\/tr>\n<tr>\n<td><strong>Modellname<\/strong><\/td>\n<td>T8170<\/td>\n<\/tr>\n<tr>\n<td><strong>Anzahl an Einzelartikeln<\/strong><\/td>\n<td>2<\/td>\n<\/tr>\n<tr>\n<td><strong>Enthaltene Komponenten<\/strong><\/td>\n<td>\u4f7f\u7528\u8bf4\u660e\u4e66<\/td>\n<\/tr>\n<tr>\n<td><strong>Hersteller-Modellnummer<\/strong><\/td>\n<td>T8170<\/td>\n<\/tr>\n<tr>\n<td><strong>Herkunftsland<\/strong><\/td>\n<td>China<\/td>\n<\/tr>\n<tr>\n<td><strong>UPC<\/strong><\/td>\n<td>194644247812<\/td>\n<\/tr>\n<tr>\n<td><strong>Artikeltypbezeichnung<\/strong><\/td>\n<td>SoloCam<\/td>\n<\/tr>\n<tr>\n<td><strong>Hersteller<\/strong><\/td>\n<td>Anker<\/td>\n<\/tr>\n<tr>\n<td><strong>Amazon Bestseller-Rang<\/strong><\/td>\n<td><\/td>\n<\/tr>\n<tr>\n<td><strong>ASIN<\/strong><\/td>\n<td>B0FL1S2MXR<\/td>\n<\/tr>\n<tr>\n<td><strong>Durchschnittliche Kundenbewertung<\/strong><\/td>\n<td><\/td>\n<\/tr>\n<tr>\n<td><strong>Video-Capture-Aufl\u00f6sung<\/strong><\/td>\n<td>3K<\/td>\n<\/tr>\n<tr>\n<td><strong>Effektive Videoaufl\u00f6sung<\/strong><\/td>\n<td>3<\/td>\n<\/tr>\n<tr>\n<td><strong>Bildfrequenz<\/strong><\/td>\n<td>15 fps<\/td>\n<\/tr>\n<tr>\n<td><strong>Betrachtungswinkel<\/strong><\/td>\n<td>135 Grad<\/td>\n<\/tr>\n<tr>\n<td><strong>Zoomtyp<\/strong><\/td>\n<td>Digital Zoom<\/td>\n<\/tr>\n<tr>\n<td><strong>Zoomverh\u00e4ltnis<\/strong><\/td>\n<td>8x<\/td>\n<\/tr>\n<tr>\n<td><strong>Artikelabmessungen<\/strong><\/td>\n<td>8,7 x 8,7 x 12 cm<\/td>\n<\/tr>\n<tr>\n<td><strong>Anzahl von Einheiten<\/strong><\/td>\n<td>2.0 st\u00fcck<\/td>\n<\/tr>\n<\/tbody>\n<\/table>\n<\/ul>","protected":false},"excerpt":{"rendered":"<p>Product Overview Empfohlene Anwendungen f\u00fcr Produkt: Outdoor Home Security Marke: eufy Security Modellname: T8170 Konnektivit\u00e4tstechnologie: Kabellos Besonderes Merkmal: Solar Panel<\/p>","protected":false},"featured_media":31764,"comment_status":"open","ping_status":"closed","template":"","meta":[],"product_brand":[],"product_cat":[150,151,152],"product_tag":[],"class_list":{"0":"post-31701","1":"product","2":"type-product","3":"status-publish","4":"has-post-thumbnail","6":"product_cat-collection-1","7":"product_cat-collection-2","8":"product_cat-startseite","10":"first","11":"instock","12":"sale","13":"shipping-taxable","14":"purchasable","15":"product-type-variable"},"jetpack_sharing_enabled":true,"_links":{"self":[{"href":"https:\/\/karfler.shop\/en\/wp-json\/wp\/v2\/product\/31701","targetHints":{"allow":["GET"]}}],"collection":[{"href":"https:\/\/karfler.shop\/en\/wp-json\/wp\/v2\/product"}],"about":[{"href":"https:\/\/karfler.shop\/en\/wp-json\/wp\/v2\/types\/product"}],"replies":[{"embeddable":true,"href":"https:\/\/karfler.shop\/en\/wp-json\/wp\/v2\/comments?post=31701"}],"version-history":[{"count":1,"href":"https:\/\/karfler.shop\/en\/wp-json\/wp\/v2\/product\/31701\/revisions"}],"predecessor-version":[{"id":31931,"href":"https:\/\/karfler.shop\/en\/wp-json\/wp\/v2\/product\/31701\/revisions\/31931"}],"wp:featuredmedia":[{"embeddable":true,"href":"https:\/\/karfler.shop\/en\/wp-json\/wp\/v2\/media\/31764"}],"wp:attachment":[{"href":"https:\/\/karfler.shop\/en\/wp-json\/wp\/v2\/media?parent=31701"}],"wp:term":[{"taxonomy":"product_brand","embeddable":true,"href":"https:\/\/karfler.shop\/en\/wp-json\/wp\/v2\/product_brand?post=31701"},{"taxonomy":"product_cat","embeddable":true,"href":"https:\/\/karfler.shop\/en\/wp-json\/wp\/v2\/product_cat?post=31701"},{"taxonomy":"product_tag","embeddable":true,"href":"https:\/\/karfler.shop\/en\/wp-json\/wp\/v2\/product_tag?post=31701"}],"curies":[{"name":"wp","href":"https:\/\/api.w.org\/{rel}","templated":true}]}}