{"id":31706,"date":"2026-05-10T08:11:54","date_gmt":"2026-05-10T08:11:54","guid":{"rendered":"https:\/\/karfler.shop\/product\/reolink-altas-pt-ultra-erste-4k-solar-uberwachungskamera-aussen-akku-mit-daueraufzeichnung-auto-tracking-10s-voraufzeichnung-colorx-nachtsicht-8mp-pt-wlan-kamera-outdoor-wi-fi-6-mit-solarpanel\/"},"modified":"2026-05-12T14:57:37","modified_gmt":"2026-05-12T14:57:37","slug":"reolink-altas-pt-ultra-erste-4k-solar-uberwachungskamera-aussen-akku-mit-daueraufzeichnung-auto-tracking-10s-voraufzeichnung-colorx-nachtsicht-8mp-pt-wlan-kamera-outdoor-wi-fi-6-mit-solarpanel","status":"publish","type":"product","link":"https:\/\/karfler.shop\/en\/product\/reolink-altas-pt-ultra-erste-4k-solar-uberwachungskamera-aussen-akku-mit-daueraufzeichnung-auto-tracking-10s-voraufzeichnung-colorx-nachtsicht-8mp-pt-wlan-kamera-outdoor-wi-fi-6-mit-solarpanel\/","title":{"rendered":"Reolink Altas PT Ultra 4K Solar, 8MP, Wi-Fi 6, Auto-Tracking, Daueraufzeichnung, 10s Voraufzeichnung, ColorX-Nachtsicht, mit Solarpanel"},"content":{"rendered":"<p><strong>Product Overview<\/strong><\/p>\n<ul>\n<li>\n<strong>Empfohlene Anwendungen f\u00fcr Produkt:<\/strong> Au\u00dfenbereich Sicherheit<\/li>\n<li>\n<strong>Marke:<\/strong> Reolink<\/li>\n<li>\n<strong>Modellname:<\/strong> Reolink Altas PT Ultra+Solar Panel 2<\/li>\n<li>\n<strong>Konnektivit\u00e4tstechnologie:<\/strong> Kabellos<\/li>\n<li>\n<strong>Besonderes Merkmal:<\/strong> ColorX-Nachtsicht; Daueraufzeichnung, Voraufzeichnung, Wi-Fi 6, Auto-Tracking, 4K<\/li>\n<\/ul>\n<p><strong>Product Features<\/strong><\/p>\n<ul>\n<li>Sehen Sie, was passiert ist, BEVOR die Bewegung beginnt: Erfassen Sie bis zu 10 Sekunden, bevor eine Bewegung ausgel\u00f6st wird \u2013 im Gegensatz zu anderem \u00dcberwachungskamera Aussen solar, die erst aufzeichnen, wenn die Bewegung beginnt, und somit wichtige Ereignisse verpassen.<\/li>\n<li>500 Tage mit einer Akkuladung: Dank der riesigen Akkukapazit\u00e4t k\u00f6nnen Sie die Wlan Kamera Outdoor Solar bis zu 500 Tage lang mit einer einzigen Akkuladung nutzen, wenn Sie sich zu Hause aufhalten. Wahrer Seelenfrieden \u2013 einfach einrichten und vergessen.<\/li>\n<li>4K Farbnachtsicht \u2013 zus\u00e4tzliche Klarheit bei schwachem Licht: Die ColorX-Technologie der \u00dcberwachungskamera solar 4K bringt jedes Detail zum Vorschein. Sehen Sie auch bei schlechten Lichtverh\u00e4ltnissen in leuchtenden Farben. Kein blendendes Scheinwerferlicht erforderlich (damit sich die Nachbarn nicht beschweren).<\/li>\n<li>6W Solarpanel im Lieferumfang enthalten: Mit dem mitgelieferten 6W-Solarpanel k\u00f6nnen Sie die Kamera \u00dcberwachung Aussen Solar kostenlos aufladen. Sogar an bew\u00f6lkten Tagen bleibt die Stromversorgung f\u00fcr Bewegungsalarme erhalten, w\u00e4hrend nur 1 Stunde Sonne den vollen Funktionsumfang aktiviert.<\/li>\n<li>Verfolgt automatisch bewegliche Ziele &#038; warnt Sie: Der 355\u00b0 Schwenk- &#038; 90\u00b0 Neigungswinkel der Wlan Kamera Outdoor Kabellos deckt jeden Winkel ab. Die Smart-Erkennung erfasst Personen, Haustiere oder Autos und folgt dann automatisch der Bewegung. Sie erhalten sofortige Warnungen mit Fotovorschau \u2013 Sie wissen sofort, ob es sich um einen Hund oder einen Fremden handelt.<\/li>\n<\/ul>\n<p><strong>Product Information<\/strong><\/p>\n<ul>\n<table style=\"margin-bottom:20px\">\n<tbody>\n<tr>\n<td><strong>Besondere Merkmale<\/strong><\/td>\n<td>ColorX-Nachtsicht; Daueraufzeichnung, Voraufzeichnung, Wi-Fi 6, Auto-Tracking, 4K<\/td>\n<\/tr>\n<tr>\n<td><strong>Verwendung im Innen- und Au\u00dfenbereich<\/strong><\/td>\n<td>Au\u00dfenbereich<\/td>\n<\/tr>\n<tr>\n<td><strong>Kompatible Produkte<\/strong><\/td>\n<td>Desktop, Laptop, Tablet, Smartphone, iOS\/Android; Mac\/Windows<\/td>\n<\/tr>\n<tr>\n<td><strong>Controllertyp<\/strong><\/td>\n<td>Reolink-App\/Client\/Smart Home<\/td>\n<\/tr>\n<tr>\n<td><strong>Steckerprofil<\/strong><\/td>\n<td>Wandmontage<\/td>\n<\/tr>\n<tr>\n<td><strong>Farbe<\/strong><\/td>\n<td>Wei\u00df<\/td>\n<\/tr>\n<tr>\n<td><strong>Formfaktor<\/strong><\/td>\n<td>Dome<\/td>\n<\/tr>\n<tr>\n<td><strong>Installationsmethode<\/strong><\/td>\n<td>Einschraubbar<\/td>\n<\/tr>\n<tr>\n<td><strong>Material<\/strong><\/td>\n<td>Kunststoff<\/td>\n<\/tr>\n<tr>\n<td><strong>Wasserfestigkeitsgrad<\/strong><\/td>\n<td>Wasserdicht<\/td>\n<\/tr>\n<tr>\n<td><strong>Form<\/strong><\/td>\n<td>Kuppel<\/td>\n<\/tr>\n<tr>\n<td><strong>Warntyp<\/strong><\/td>\n<td>Personen-\/Fahrzeug-\/Tier-\/PIR-Erkennung<\/td>\n<\/tr>\n<tr>\n<td><strong>Raumtyp<\/strong><\/td>\n<td>Garage, Flur, Hinterhof<\/td>\n<\/tr>\n<tr>\n<td><strong>Leuchtmitteltyp<\/strong><\/td>\n<td>LED<\/td>\n<\/tr>\n<tr>\n<td><strong>Effektive Standbildaufl\u00f6sung<\/strong><\/td>\n<td>8 MP<\/td>\n<\/tr>\n<tr>\n<td><strong>IP-Schutzart<\/strong><\/td>\n<td>IP65<\/td>\n<\/tr>\n<tr>\n<td><strong>Aufl\u00f6sung der r\u00fcckseitigen Webcam<\/strong><\/td>\n<td>8 MP<\/td>\n<\/tr>\n<tr>\n<td><strong>Steuerungsart<\/strong><\/td>\n<td>App<\/td>\n<\/tr>\n<tr>\n<td><strong>Stromquelle<\/strong><\/td>\n<td>Solarbetrieben<\/td>\n<\/tr>\n<tr>\n<td><strong>Stromspannung<\/strong><\/td>\n<td>5 Volt<\/td>\n<\/tr>\n<tr>\n<td><strong>Stromverbrauch<\/strong><\/td>\n<td>6 Watt<\/td>\n<\/tr>\n<tr>\n<td><strong>Batterien werden ben\u00f6tigt<\/strong><\/td>\n<td>Ja<\/td>\n<\/tr>\n<tr>\n<td><strong>Batterieleistung<\/strong><\/td>\n<td>20000 Unbekannt<\/td>\n<\/tr>\n<tr>\n<td><strong>Betrachtungswinkel<\/strong><\/td>\n<td>360 Grad<\/td>\n<\/tr>\n<tr>\n<td><strong>Anzeigefeld<\/strong><\/td>\n<td>110 Grad<\/td>\n<\/tr>\n<tr>\n<td><strong>Zoomtyp<\/strong><\/td>\n<td>Digitaler Zoom<\/td>\n<\/tr>\n<tr>\n<td><strong>Zoomverh\u00e4ltnis<\/strong><\/td>\n<td>16:1<\/td>\n<\/tr>\n<tr>\n<td><strong>Fotosensortechnologie<\/strong><\/td>\n<td>CMOS<\/td>\n<\/tr>\n<tr>\n<td><strong>Typ des Flashspeichers<\/strong><\/td>\n<td>Micro SDHC<\/td>\n<\/tr>\n<tr>\n<td><strong>Maximale unterst\u00fctzte Speichergr\u00f6\u00dfe der Flash-Speicherkarte<\/strong><\/td>\n<td>512 GB<\/td>\n<\/tr>\n<tr>\n<td><strong>Empfohlene Verw.bereiche f\u00fcr Produkt<\/strong><\/td>\n<td>Au\u00dfenbereich Sicherheit<\/td>\n<\/tr>\n<tr>\n<td><strong>Marke<\/strong><\/td>\n<td>Reolink<\/td>\n<\/tr>\n<tr>\n<td><strong>Modellname<\/strong><\/td>\n<td>Reolink Altas PT Ultra+Solar Panel 2<\/td>\n<\/tr>\n<tr>\n<td><strong>Anzahl an Einzelartikeln<\/strong><\/td>\n<td>1<\/td>\n<\/tr>\n<tr>\n<td><strong>Enthaltene Komponenten<\/strong><\/td>\n<td>\u200e1x Reolink Altas PT Ultra, 1x 6W Einstellbares Solarpanel, 1x Sicherheitshalterung f\u00fcr Aussen, 1x Reset-Nadel, 1x TypeC-Ladekabel, 2x P\u00e4ckchen mit Schrauben, 1x Kurzanleitung, 1x Montagelochschablone<\/td>\n<\/tr>\n<tr>\n<td><strong>Hersteller-Modellnummer<\/strong><\/td>\n<td>Reolink Altas PT Ultra+Solar Panel 2<\/td>\n<\/tr>\n<tr>\n<td><strong>Herkunftsland<\/strong><\/td>\n<td>China<\/td>\n<\/tr>\n<tr>\n<td><strong>Verwendung<\/strong><\/td>\n<td>360-Grad-Abdeckung<\/td>\n<\/tr>\n<tr>\n<td><strong>Artikeltypbezeichnung<\/strong><\/td>\n<td>Reolink Altas PT Ultra+Solar Panel 2<\/td>\n<\/tr>\n<tr>\n<td><strong>Hersteller<\/strong><\/td>\n<td>Reolink<\/td>\n<\/tr>\n<tr>\n<td><strong>Amazon Bestseller-Rang<\/strong><\/td>\n<td><\/td>\n<\/tr>\n<tr>\n<td><strong>ASIN<\/strong><\/td>\n<td>B0D948YBFH<\/td>\n<\/tr>\n<tr>\n<td><strong>Durchschnittliche Kundenbewertung<\/strong><\/td>\n<td><\/td>\n<\/tr>\n<tr>\n<td><strong>Netzwerkverbindung<\/strong><\/td>\n<td>Kabellos<\/td>\n<\/tr>\n<tr>\n<td><strong>Konnektivit\u00e4tsprotokoll<\/strong><\/td>\n<td>Wi-Fi<\/td>\n<\/tr>\n<tr>\n<td><strong>Wireless-Technologie<\/strong><\/td>\n<td>WLAN<\/td>\n<\/tr>\n<tr>\n<td><strong>Video-Capture-Aufl\u00f6sung<\/strong><\/td>\n<td>4k<\/td>\n<\/tr>\n<tr>\n<td><strong>Effektive Videoaufl\u00f6sung<\/strong><\/td>\n<td>8<\/td>\n<\/tr>\n<tr>\n<td><strong>Bildfrequenz<\/strong><\/td>\n<td>15 frames_per_second<\/td>\n<\/tr>\n<tr>\n<td><strong>Anzahl von Kan\u00e4len<\/strong><\/td>\n<td>8<\/td>\n<\/tr>\n<tr>\n<td><strong>Videokodierung<\/strong><\/td>\n<td>h_265<\/td>\n<\/tr>\n<tr>\n<td><strong>Format f\u00fcr Videoaufnahmen<\/strong><\/td>\n<td>MP4<\/td>\n<\/tr>\n<tr>\n<td><strong>Nachtsichtbereich<\/strong><\/td>\n<td>10 Meter<\/td>\n<\/tr>\n<tr>\n<td><strong>Nachtsicht<\/strong><\/td>\n<td>ColorX Nachtsicht<\/td>\n<\/tr>\n<tr>\n<td><strong>Artikelabmessungen<\/strong><\/td>\n<td>15,1 x 17,8 x 10,2 cm<\/td>\n<\/tr>\n<tr>\n<td><strong>Ma\u00dfeinheit f\u00fcr Produktgewicht<\/strong><\/td>\n<td>2100 Gramm<\/td>\n<\/tr>\n<tr>\n<td><strong>Anzahl von Einheiten<\/strong><\/td>\n<td>1.0 st\u00fcck<\/td>\n<\/tr>\n<\/tbody>\n<\/table>\n<\/ul>","protected":false},"excerpt":{"rendered":"<p>Product Overview Empfohlene Anwendungen f\u00fcr Produkt: Au\u00dfenbereich Sicherheit Marke: Reolink Modellname: Reolink Altas PT Ultra+Solar Panel 2 Konnektivit\u00e4tstechnologie: Kabellos Besonderes<\/p>","protected":false},"featured_media":31773,"comment_status":"open","ping_status":"closed","template":"","meta":[],"product_brand":[],"product_cat":[150,151,152],"product_tag":[],"class_list":{"0":"post-31706","1":"product","2":"type-product","3":"status-publish","4":"has-post-thumbnail","6":"product_cat-collection-1","7":"product_cat-collection-2","8":"product_cat-startseite","10":"first","11":"instock","12":"sale","13":"shipping-taxable","14":"purchasable","15":"product-type-variable"},"jetpack_sharing_enabled":true,"_links":{"self":[{"href":"https:\/\/karfler.shop\/en\/wp-json\/wp\/v2\/product\/31706","targetHints":{"allow":["GET"]}}],"collection":[{"href":"https:\/\/karfler.shop\/en\/wp-json\/wp\/v2\/product"}],"about":[{"href":"https:\/\/karfler.shop\/en\/wp-json\/wp\/v2\/types\/product"}],"replies":[{"embeddable":true,"href":"https:\/\/karfler.shop\/en\/wp-json\/wp\/v2\/comments?post=31706"}],"version-history":[{"count":1,"href":"https:\/\/karfler.shop\/en\/wp-json\/wp\/v2\/product\/31706\/revisions"}],"predecessor-version":[{"id":31932,"href":"https:\/\/karfler.shop\/en\/wp-json\/wp\/v2\/product\/31706\/revisions\/31932"}],"wp:featuredmedia":[{"embeddable":true,"href":"https:\/\/karfler.shop\/en\/wp-json\/wp\/v2\/media\/31773"}],"wp:attachment":[{"href":"https:\/\/karfler.shop\/en\/wp-json\/wp\/v2\/media?parent=31706"}],"wp:term":[{"taxonomy":"product_brand","embeddable":true,"href":"https:\/\/karfler.shop\/en\/wp-json\/wp\/v2\/product_brand?post=31706"},{"taxonomy":"product_cat","embeddable":true,"href":"https:\/\/karfler.shop\/en\/wp-json\/wp\/v2\/product_cat?post=31706"},{"taxonomy":"product_tag","embeddable":true,"href":"https:\/\/karfler.shop\/en\/wp-json\/wp\/v2\/product_tag?post=31706"}],"curies":[{"name":"wp","href":"https:\/\/api.w.org\/{rel}","templated":true}]}}