{"id":31710,"date":"2026-05-10T08:11:55","date_gmt":"2026-05-10T08:11:55","guid":{"rendered":"https:\/\/karfler.shop\/product\/reolink-4k-pt-solar-uberwachungskamera-aussen-set-outdoor-akku-mit-home-hub-360-schwenkbare-farbnachtsicht-lokaler-speicher-ohne-abo-gebuhren-argus-pt-ultra-2-kamera-set-mit-solarpanel\/"},"modified":"2026-05-12T14:57:33","modified_gmt":"2026-05-12T14:57:33","slug":"reolink-4k-pt-solar-uberwachungskamera-aussen-set-outdoor-akku-mit-home-hub-360-schwenkbare-farbnachtsicht-lokaler-speicher-ohne-abo-gebuhren-argus-pt-ultra-2-kamera-set-mit-solarpanel","status":"publish","type":"product","link":"https:\/\/karfler.shop\/en\/product\/reolink-4k-pt-solar-uberwachungskamera-aussen-set-outdoor-akku-mit-home-hub-360-schwenkbare-farbnachtsicht-lokaler-speicher-ohne-abo-gebuhren-argus-pt-ultra-2-kamera-set-mit-solarpanel\/","title":{"rendered":"Reolink Argus PT Ultra 2-Kamera-Set, 4K Solar, 360\u00b0 schwenkbar, Farbnachtsicht, Home Hub, Lokalspeicher, ohne Abo, mit Solarpanel"},"content":{"rendered":"<p><strong>Product Overview<\/strong><\/p>\n<ul>\n<li>\n<strong>Empfohlene Anwendungen f\u00fcr Produkt:<\/strong> \u00dcberwachung<\/li>\n<li>\n<strong>Marke:<\/strong> Reolink<\/li>\n<li>\n<strong>Modellname:<\/strong> Home Hub with 2x Argus PT Ultra+SP<\/li>\n<li>\n<strong>Konnektivit\u00e4tstechnologie:<\/strong> Kabellos<\/li>\n<li>\n<strong>Besonderes Merkmal:<\/strong> Lokale Aufzeichnung<\/li>\n<\/ul>\n<p><strong>Product Features<\/strong><\/p>\n<ul>\n<li>4K 8MP VOLLFARBAUFNAHMEN TAG &#038; NACHT: Erleben Sie die ultimative Klarheit mit 4K 8MP-Aufnahmen. Vom Morgengrauen bis zur Abendd\u00e4mmerung f\u00e4ngt das System jedes Detail in lebendigen Farben ein und gew\u00e4hrleistet dank der Spotlight-Farbnachtsicht rund um die Uhr eine unvergleichbare Sicht.<\/li>\n<li>360\u00b0 ABDECKUNG + PRESET-PUNKTE: Mit 355\u00b0-Schwenk- und 140\u00b0-Neigefunktion drehen die mitgelieferten Kameras ihre Augen, um jeden Winkel zu \u00fcberwachen. Au\u00dferdem k\u00f6nnen Sie Ihre eigenen Patrouillenrouten mit bis zu 32 Preset-Punkten festlegen, um alle Ihre \u00dcberwachungsbereiche in einer Minute zu \u00fcberpr\u00fcfen.<\/li>\n<li>100% KABELLOS + 2,4\/5GHZ WI-FI: Mit der Flexibilit\u00e4t von 2,4 GHz f\u00fcr eine erweiterte Abdeckung und 5 GHz f\u00fcr schnellere Datenraten bieten der Home Hub und die mitgelieferten Kameras eine zuverl\u00e4ssigere Verbindung. Da sie zu 100 % kabellos sind, ersparen sie Ihnen die l\u00e4stige Verkabelung.<\/li>\n<li>KI-ERKENNUNG + ZWEI-WEGE-AUDIO + TON- &#038; LICHTALARM: Dank mehrerer Alarme, darunter Push-Benachrichtigungen, Sirenen und Spotlights, entgehen Ihnen keine Bewegungsereignisse von Personen, Fahrzeugen oder Tieren. Mit Zwei-Wege-Audio k\u00f6nnen Sie ganz einfach Besucher begr\u00fc\u00dfen oder Eindringlinge warnen.<\/li>\n<li>KOMPLETTL\u00d6SUNG OHNE MONATLICHE GEB\u00dcHREN: Erleben Sie eine bequeme zentrale Verwaltung mit Funktionen wie hochaufl\u00f6senden Live-\u00dcbertragungen aus der Ferne, 64 GB microSD-Karte (im Lieferumfang enthalten) und 2\u00d7 erweiterbarer lokaler Speicher bis zu 1 TB.<\/li>\n<\/ul>\n<p><strong>Product Information<\/strong><\/p>\n<ul>\n<table style=\"margin-bottom:20px\">\n<tbody>\n<tr>\n<td><strong>Besondere Merkmale<\/strong><\/td>\n<td>Lokale Aufzeichnung<\/td>\n<\/tr>\n<tr>\n<td><strong>Verwendung im Innen- und Au\u00dfenbereich<\/strong><\/td>\n<td>Au\u00dfenbereich<\/td>\n<\/tr>\n<tr>\n<td><strong>Kompatible Produkte<\/strong><\/td>\n<td>Smartphone<\/td>\n<\/tr>\n<tr>\n<td><strong>Controllertyp<\/strong><\/td>\n<td>Amazonas Alexa<\/td>\n<\/tr>\n<tr>\n<td><strong>Steckerprofil<\/strong><\/td>\n<td>Wandmontage, Deckenmontage, Baummontage<\/td>\n<\/tr>\n<tr>\n<td><strong>Farbe<\/strong><\/td>\n<td>Whitex2+hub<\/td>\n<\/tr>\n<tr>\n<td><strong>Formfaktor<\/strong><\/td>\n<td>Dome<\/td>\n<\/tr>\n<tr>\n<td><strong>Material<\/strong><\/td>\n<td>Kunststoff<\/td>\n<\/tr>\n<tr>\n<td><strong>Warntyp<\/strong><\/td>\n<td>KI-Erkennung<\/td>\n<\/tr>\n<tr>\n<td><strong>Raumtyp<\/strong><\/td>\n<td>Flurry<\/td>\n<\/tr>\n<tr>\n<td><strong>Leuchtmitteltyp<\/strong><\/td>\n<td>LED<\/td>\n<\/tr>\n<tr>\n<td><strong>Effektive Standbildaufl\u00f6sung<\/strong><\/td>\n<td>8 MP<\/td>\n<\/tr>\n<tr>\n<td><strong>Aufl\u00f6sung der r\u00fcckseitigen Webcam<\/strong><\/td>\n<td>8 MP<\/td>\n<\/tr>\n<tr>\n<td><strong>Steuerungsart<\/strong><\/td>\n<td>App<\/td>\n<\/tr>\n<tr>\n<td><strong>Stromquelle<\/strong><\/td>\n<td>Solarbetrieben<\/td>\n<\/tr>\n<tr>\n<td><strong>Stromspannung<\/strong><\/td>\n<td>5 Volt<\/td>\n<\/tr>\n<tr>\n<td><strong>Stromverbrauch<\/strong><\/td>\n<td>6 Watt<\/td>\n<\/tr>\n<tr>\n<td><strong>Batterien werden ben\u00f6tigt<\/strong><\/td>\n<td>Ja<\/td>\n<\/tr>\n<tr>\n<td><strong>Anzahl von Kan\u00e4len<\/strong><\/td>\n<td>8<\/td>\n<\/tr>\n<tr>\n<td><strong>Format f\u00fcr Videoaufnahmen<\/strong><\/td>\n<td>MP4<\/td>\n<\/tr>\n<tr>\n<td><strong>Nachtsichtbereich<\/strong><\/td>\n<td>10 Meter<\/td>\n<\/tr>\n<tr>\n<td><strong>Nachtsicht<\/strong><\/td>\n<td>Nachtfarbe<\/td>\n<\/tr>\n<tr>\n<td><strong>Artikelabmessungen<\/strong><\/td>\n<td>24 x 20 x 20 cm<\/td>\n<\/tr>\n<tr>\n<td><strong>Anzahl von Einheiten<\/strong><\/td>\n<td>1.0 st\u00fcck<\/td>\n<\/tr>\n<tr>\n<td><strong>Empfohlene Verw.bereiche f\u00fcr Produkt<\/strong><\/td>\n<td>\u00dcberwachung<\/td>\n<\/tr>\n<tr>\n<td><strong>Marke<\/strong><\/td>\n<td>Reolink<\/td>\n<\/tr>\n<tr>\n<td><strong>Modellname<\/strong><\/td>\n<td>Home Hub with 2x Argus PT Ultra+SP<\/td>\n<\/tr>\n<tr>\n<td><strong>Anzahl an Einzelartikeln<\/strong><\/td>\n<td>2<\/td>\n<\/tr>\n<tr>\n<td><strong>Enthaltene Komponenten<\/strong><\/td>\n<td>Argus PT ULTRA x2, 3W Reolink Solarpanel x2, Wandhalterung x2, Deckenhalterung x2, Montageschablone x2, Home-Hub x1, Schnellstartanleitung x2, Gurt x2, USB-C-Kabel x2, Reset-Nadel x2, \u00dcberwachungsaufkleber x2, Packung Schrauben x2, Netzadapter x1, 1m Netzwerkkabel x1, microSD-Karte x1<\/td>\n<\/tr>\n<tr>\n<td><strong>Hersteller-Modellnummer<\/strong><\/td>\n<td>Home Hub with 2x Argus PT Ultra+SP<\/td>\n<\/tr>\n<tr>\n<td><strong>Herkunftsland<\/strong><\/td>\n<td>China<\/td>\n<\/tr>\n<tr>\n<td><strong>Hersteller<\/strong><\/td>\n<td>Reolink<\/td>\n<\/tr>\n<tr>\n<td><strong>Amazon Bestseller-Rang<\/strong><\/td>\n<td><\/td>\n<\/tr>\n<tr>\n<td><strong>ASIN<\/strong><\/td>\n<td>B0D1KK1FGC<\/td>\n<\/tr>\n<tr>\n<td><strong>Durchschnittliche Kundenbewertung<\/strong><\/td>\n<td><\/td>\n<\/tr>\n<tr>\n<td><strong>Netzwerkverbindung<\/strong><\/td>\n<td>Kabellos<\/td>\n<\/tr>\n<tr>\n<td><strong>Konnektivit\u00e4tsprotokoll<\/strong><\/td>\n<td>Wi-Fi<\/td>\n<\/tr>\n<tr>\n<td><strong>Wireless-Technologie<\/strong><\/td>\n<td>WLAN<\/td>\n<\/tr>\n<tr>\n<td><strong>Video-Capture-Aufl\u00f6sung<\/strong><\/td>\n<td>4k<\/td>\n<\/tr>\n<tr>\n<td><strong>Bildfrequenz<\/strong><\/td>\n<td>15fps<\/td>\n<\/tr>\n<tr>\n<td><strong>Betrachtungswinkel<\/strong><\/td>\n<td>360 Grad<\/td>\n<\/tr>\n<tr>\n<td><strong>Fokussierungsfunktion<\/strong><\/td>\n<td>Autofokus<\/td>\n<\/tr>\n<tr>\n<td><strong>Zoomtyp<\/strong><\/td>\n<td>Digitaler Zoom<\/td>\n<\/tr>\n<tr>\n<td><strong>Zoomverh\u00e4ltnis<\/strong><\/td>\n<td>10X<\/td>\n<\/tr>\n<tr>\n<td><strong>Fotosensortechnologie<\/strong><\/td>\n<td>CMOS<\/td>\n<\/tr>\n<\/tbody>\n<\/table>\n<\/ul>","protected":false},"excerpt":{"rendered":"<p>Product Overview Empfohlene Anwendungen f\u00fcr Produkt: \u00dcberwachung Marke: Reolink Modellname: Home Hub with 2x Argus PT Ultra+SP Konnektivit\u00e4tstechnologie: Kabellos Besonderes<\/p>","protected":false},"featured_media":31793,"comment_status":"open","ping_status":"closed","template":"","meta":[],"product_brand":[],"product_cat":[150,151,152],"product_tag":[],"class_list":{"0":"post-31710","1":"product","2":"type-product","3":"status-publish","4":"has-post-thumbnail","6":"product_cat-collection-1","7":"product_cat-collection-2","8":"product_cat-startseite","10":"first","11":"instock","12":"sale","13":"shipping-taxable","14":"purchasable","15":"product-type-variable"},"jetpack_sharing_enabled":true,"_links":{"self":[{"href":"https:\/\/karfler.shop\/en\/wp-json\/wp\/v2\/product\/31710","targetHints":{"allow":["GET"]}}],"collection":[{"href":"https:\/\/karfler.shop\/en\/wp-json\/wp\/v2\/product"}],"about":[{"href":"https:\/\/karfler.shop\/en\/wp-json\/wp\/v2\/types\/product"}],"replies":[{"embeddable":true,"href":"https:\/\/karfler.shop\/en\/wp-json\/wp\/v2\/comments?post=31710"}],"version-history":[{"count":1,"href":"https:\/\/karfler.shop\/en\/wp-json\/wp\/v2\/product\/31710\/revisions"}],"predecessor-version":[{"id":31930,"href":"https:\/\/karfler.shop\/en\/wp-json\/wp\/v2\/product\/31710\/revisions\/31930"}],"wp:featuredmedia":[{"embeddable":true,"href":"https:\/\/karfler.shop\/en\/wp-json\/wp\/v2\/media\/31793"}],"wp:attachment":[{"href":"https:\/\/karfler.shop\/en\/wp-json\/wp\/v2\/media?parent=31710"}],"wp:term":[{"taxonomy":"product_brand","embeddable":true,"href":"https:\/\/karfler.shop\/en\/wp-json\/wp\/v2\/product_brand?post=31710"},{"taxonomy":"product_cat","embeddable":true,"href":"https:\/\/karfler.shop\/en\/wp-json\/wp\/v2\/product_cat?post=31710"},{"taxonomy":"product_tag","embeddable":true,"href":"https:\/\/karfler.shop\/en\/wp-json\/wp\/v2\/product_tag?post=31710"}],"curies":[{"name":"wp","href":"https:\/\/api.w.org\/{rel}","templated":true}]}}