{"id":31719,"date":"2026-05-10T08:11:56","date_gmt":"2026-05-10T08:11:56","guid":{"rendered":"https:\/\/karfler.shop\/product\/reolink-4k-3g-4g-lte-uberwachungskamera-mit-sim-karte-355-140-ptz-solar-kamera-outdoor-mit-8mp-farbnachtsicht-person-auto-haustiererkennung-32gb-microsd-karte-go-pt-ultra-6w-solarpanel\/"},"modified":"2026-05-12T14:57:32","modified_gmt":"2026-05-12T14:57:32","slug":"reolink-4k-3g-4g-lte-uberwachungskamera-mit-sim-karte-355-140-ptz-solar-kamera-outdoor-mit-8mp-farbnachtsicht-person-auto-haustiererkennung-32gb-microsd-karte-go-pt-ultra-6w-solarpanel","status":"publish","type":"product","link":"https:\/\/karfler.shop\/en\/product\/reolink-4k-3g-4g-lte-uberwachungskamera-mit-sim-karte-355-140-ptz-solar-kamera-outdoor-mit-8mp-farbnachtsicht-person-auto-haustiererkennung-32gb-microsd-karte-go-pt-ultra-6w-solarpanel\/","title":{"rendered":"Reolink Go PT Ultra 4K 8MP LTE Solar, 355\u00b0&#038;140\u00b0 PTZ, SIM-Karte, Farbnachtsicht, KI-Erkennung, 32GB microSD, 6W Solarpanel"},"content":{"rendered":"<p><strong>Product Overview<\/strong><\/p>\n<ul>\n<li>\n<strong>Empfohlene Anwendungen f\u00fcr Produkt:<\/strong> Au\u00dfenbereich Sicherheit, Wild und Jagd, \u00dcberwachung<\/li>\n<li>\n<strong>Marke:<\/strong> Reolink<\/li>\n<li>\n<strong>Modellname:<\/strong> Go PT Ultra+Solar Panel<\/li>\n<li>\n<strong>Konnektivit\u00e4tstechnologie:<\/strong> 3G\/4G LTE<\/li>\n<li>\n<strong>Besonderes Merkmal:<\/strong> Nachtsicht, PTZ-Technologie<\/li>\n<\/ul>\n<p><strong>Product Features<\/strong><\/p>\n<ul>\n<li>Unglaubliche 4K-Bilder bei Tag &#038; Nacht: Die erste 4K 3G\/4G LTE Kamera kann klare Bilder und Videos mit vielen Details aufnehmen. Selbst in der tiefen Nacht werden die Farbsicht und die Klarheit auf dem Bildschirm auf keinen Fall beeintr\u00e4chtigt.<\/li>\n<li>Standalone, Ideal f\u00fcr den Au\u00dfeneinsatz: Dank der Kombination aus 6W-Solarpanel und 4G-Verbindung bei dieser Standalone-4G-Kamera brauchen Sie in der Wildnis keine Steckdosen oder Netzwerk zu suchen. Unser \u00dcberwachungskamera mit sim karte unterst\u00fctzt zudem die wichtigsten Mobilfunknetzbetreiber in den meisten L\u00e4ndern und w\u00e4hlt automatisch den Netzoperator mit dem st\u00e4rksten Signal aus.<\/li>\n<li>360\u00b0 Rundumsicht: Schwenken Sie die Outdoor Kamera ohne Wlan um 355\u00b0 und neigen Sie sie um 140\u00b0 (Geschwindigkeit einstellbar), um Ihre Welt aus jedem Winkel zu betrachten. Richten Sie den Wachpunkt und die voreingestellten Punkte (max. 32) ein, um auf wichtige Bereiche zu fokussieren.<\/li>\n<li>Verschiedene Intelligente Funktionen: Die smarte 4G LTE Kamera ohne Wlan mit fortschrittlichen Technologien kann Person, Fahrzeug und Haustier erkennen. Passen Sie die Bewegungszone an, um sich nur auf die wichtigen Bereiche zu konzentrieren. Bei der Bewegungserkennung werden Sie sofortige und genaue Warnungen erhalten.<\/li>\n<li>Sichere und Flexible Speicheroptionen: Sie k\u00f6nnen die Aufnahmen sowohl lokal auf der microSD-Karte als auch in der Cloud speichern (kostenloser rollender 7-Tage-Videoverlauf) und die Videos jederzeit via kostenlose Reolink-App\/Client abspielen. Wir bieten Ihnen sowohl digitale Sicherheit als auch Komfort.<\/li>\n<\/ul>\n<p><strong>Product Information<\/strong><\/p>\n<ul>\n<table style=\"margin-bottom:20px\">\n<tbody>\n<tr>\n<td><strong>Besondere Merkmale<\/strong><\/td>\n<td>Nachtsicht, PTZ-Technologie<\/td>\n<\/tr>\n<tr>\n<td><strong>Verwendung im Innen- und Au\u00dfenbereich<\/strong><\/td>\n<td>Au\u00dfenbereich<\/td>\n<\/tr>\n<tr>\n<td><strong>Kompatible Produkte<\/strong><\/td>\n<td>Smartphone<\/td>\n<\/tr>\n<tr>\n<td><strong>Controllertyp<\/strong><\/td>\n<td>Mac\/Windows; iOS\/Android<\/td>\n<\/tr>\n<tr>\n<td><strong>Steckerprofil<\/strong><\/td>\n<td>Wandmontage, Deckenmontage, Baummontage<\/td>\n<\/tr>\n<tr>\n<td><strong>Farbe<\/strong><\/td>\n<td>Wei\u00df<\/td>\n<\/tr>\n<tr>\n<td><strong>Formfaktor<\/strong><\/td>\n<td>Dome<\/td>\n<\/tr>\n<tr>\n<td><strong>Material<\/strong><\/td>\n<td>Kunststoff<\/td>\n<\/tr>\n<tr>\n<td><strong>Warntyp<\/strong><\/td>\n<td>Personen\/Fahrzeug\/Tier\/PIR-Erkennung<\/td>\n<\/tr>\n<tr>\n<td><strong>Raumtyp<\/strong><\/td>\n<td>Wild und Jagd<\/td>\n<\/tr>\n<tr>\n<td><strong>Leuchtmitteltyp<\/strong><\/td>\n<td>Infrarot<\/td>\n<\/tr>\n<tr>\n<td><strong>Effektive Standbildaufl\u00f6sung<\/strong><\/td>\n<td>8 MP<\/td>\n<\/tr>\n<tr>\n<td><strong>Aufl\u00f6sung der r\u00fcckseitigen Webcam<\/strong><\/td>\n<td>8 MP<\/td>\n<\/tr>\n<tr>\n<td><strong>Steuerungsart<\/strong><\/td>\n<td>App<\/td>\n<\/tr>\n<tr>\n<td><strong>Netzwerkverbindung<\/strong><\/td>\n<td>3G\/4G LTE<\/td>\n<\/tr>\n<tr>\n<td><strong>Konnektivit\u00e4tsprotokoll<\/strong><\/td>\n<td>3G\/4G LTE<\/td>\n<\/tr>\n<tr>\n<td><strong>Wireless-Technologie<\/strong><\/td>\n<td>3G\/4G LTE<\/td>\n<\/tr>\n<tr>\n<td><strong>Video-Capture-Aufl\u00f6sung<\/strong><\/td>\n<td>4k<\/td>\n<\/tr>\n<tr>\n<td><strong>Effektive Videoaufl\u00f6sung<\/strong><\/td>\n<td>8 MP<\/td>\n<\/tr>\n<tr>\n<td><strong>Betrachtungswinkel<\/strong><\/td>\n<td>360 Grad<\/td>\n<\/tr>\n<tr>\n<td><strong>Fokussierungsfunktion<\/strong><\/td>\n<td>Autofokus<\/td>\n<\/tr>\n<tr>\n<td><strong>Zoomtyp<\/strong><\/td>\n<td>Digitaler Zoom<\/td>\n<\/tr>\n<tr>\n<td><strong>Zoomverh\u00e4ltnis<\/strong><\/td>\n<td>16:1<\/td>\n<\/tr>\n<tr>\n<td><strong>Fotosensortechnologie<\/strong><\/td>\n<td>CMOS<\/td>\n<\/tr>\n<tr>\n<td><strong>Empfohlene Verw.bereiche f\u00fcr Produkt<\/strong><\/td>\n<td>Au\u00dfenbereich Sicherheit, Wild und Jagd, \u00dcberwachung<\/td>\n<\/tr>\n<tr>\n<td><strong>Marke<\/strong><\/td>\n<td>Reolink<\/td>\n<\/tr>\n<tr>\n<td><strong>Modellname<\/strong><\/td>\n<td>Go PT Ultra+Solar Panel<\/td>\n<\/tr>\n<tr>\n<td><strong>Anzahl an Einzelartikeln<\/strong><\/td>\n<td>1<\/td>\n<\/tr>\n<tr>\n<td><strong>Enthaltene Komponenten<\/strong><\/td>\n<td>1x Reolink Go PT Ultra 4K mit Antenne, 1x Reolink Solarpanel (4 Meter Verbindungskabel), 1x 32GB microSD-Karte, 1x Nadel zum Zur\u00fccksetzen, 1x Kamerahalterung, 1x Typ-C-Ladekabel, 1x Lochschablone zur Montage, 1x P\u00e4ckchen mit Schrauben, 1x Kurzanleitung, 1x Schild Video\u00fcberwachung<\/td>\n<\/tr>\n<tr>\n<td><strong>Hersteller-Modellnummer<\/strong><\/td>\n<td>Reolink Go PT Ultra+Solar Panel 2<\/td>\n<\/tr>\n<tr>\n<td><strong>Herkunftsland<\/strong><\/td>\n<td>China<\/td>\n<\/tr>\n<tr>\n<td><strong>Verwendung<\/strong><\/td>\n<td>360-Grad-Abdeckung, Au\u00dfen, \u00dcberwachung<\/td>\n<\/tr>\n<tr>\n<td><strong>Artikeltypbezeichnung<\/strong><\/td>\n<td>\u00dcberwachungskamera<\/td>\n<\/tr>\n<tr>\n<td><strong>Hersteller<\/strong><\/td>\n<td>Reolink<\/td>\n<\/tr>\n<tr>\n<td><strong>Amazon Bestseller-Rang<\/strong><\/td>\n<td><\/td>\n<\/tr>\n<tr>\n<td><strong>ASIN<\/strong><\/td>\n<td>B0C2ZBFYQ9<\/td>\n<\/tr>\n<tr>\n<td><strong>Durchschnittliche Kundenbewertung<\/strong><\/td>\n<td><\/td>\n<\/tr>\n<tr>\n<td><strong>Stromquelle<\/strong><\/td>\n<td>Batteriebetrieben\/Solarbetrieben<\/td>\n<\/tr>\n<tr>\n<td><strong>Stromspannung<\/strong><\/td>\n<td>5 Volt<\/td>\n<\/tr>\n<tr>\n<td><strong>Stromverbrauch<\/strong><\/td>\n<td>21.24 Watt<\/td>\n<\/tr>\n<tr>\n<td><strong>Batterien werden ben\u00f6tigt<\/strong><\/td>\n<td>Ja<\/td>\n<\/tr>\n<tr>\n<td><strong>Anzahl von Kan\u00e4len<\/strong><\/td>\n<td>2<\/td>\n<\/tr>\n<tr>\n<td><strong>Format f\u00fcr Videoaufnahmen<\/strong><\/td>\n<td>4k<\/td>\n<\/tr>\n<tr>\n<td><strong>Nachtsichtbereich<\/strong><\/td>\n<td>10 Meter<\/td>\n<\/tr>\n<tr>\n<td><strong>Nachtsicht<\/strong><\/td>\n<td>Nachtfarbe, Spotlights<\/td>\n<\/tr>\n<tr>\n<td><strong>Artikelabmessungen<\/strong><\/td>\n<td>12,2 x 9,8 x 9,8 cm<\/td>\n<\/tr>\n<tr>\n<td><strong>Anzahl von Einheiten<\/strong><\/td>\n<td>1.0 st\u00fcck<\/td>\n<\/tr>\n<\/tbody>\n<\/table>\n<\/ul>","protected":false},"excerpt":{"rendered":"<p>Product Overview Empfohlene Anwendungen f\u00fcr Produkt: Au\u00dfenbereich Sicherheit, Wild und Jagd, \u00dcberwachung Marke: Reolink Modellname: Go PT Ultra+Solar Panel Konnektivit\u00e4tstechnologie:<\/p>","protected":false},"featured_media":31820,"comment_status":"open","ping_status":"closed","template":"","meta":[],"product_brand":[],"product_cat":[150,151,152],"product_tag":[],"class_list":{"0":"post-31719","1":"product","2":"type-product","3":"status-publish","4":"has-post-thumbnail","6":"product_cat-collection-1","7":"product_cat-collection-2","8":"product_cat-startseite","10":"first","11":"instock","12":"sale","13":"shipping-taxable","14":"purchasable","15":"product-type-variable"},"jetpack_sharing_enabled":true,"_links":{"self":[{"href":"https:\/\/karfler.shop\/en\/wp-json\/wp\/v2\/product\/31719","targetHints":{"allow":["GET"]}}],"collection":[{"href":"https:\/\/karfler.shop\/en\/wp-json\/wp\/v2\/product"}],"about":[{"href":"https:\/\/karfler.shop\/en\/wp-json\/wp\/v2\/types\/product"}],"replies":[{"embeddable":true,"href":"https:\/\/karfler.shop\/en\/wp-json\/wp\/v2\/comments?post=31719"}],"version-history":[{"count":1,"href":"https:\/\/karfler.shop\/en\/wp-json\/wp\/v2\/product\/31719\/revisions"}],"predecessor-version":[{"id":31929,"href":"https:\/\/karfler.shop\/en\/wp-json\/wp\/v2\/product\/31719\/revisions\/31929"}],"wp:featuredmedia":[{"embeddable":true,"href":"https:\/\/karfler.shop\/en\/wp-json\/wp\/v2\/media\/31820"}],"wp:attachment":[{"href":"https:\/\/karfler.shop\/en\/wp-json\/wp\/v2\/media?parent=31719"}],"wp:term":[{"taxonomy":"product_brand","embeddable":true,"href":"https:\/\/karfler.shop\/en\/wp-json\/wp\/v2\/product_brand?post=31719"},{"taxonomy":"product_cat","embeddable":true,"href":"https:\/\/karfler.shop\/en\/wp-json\/wp\/v2\/product_cat?post=31719"},{"taxonomy":"product_tag","embeddable":true,"href":"https:\/\/karfler.shop\/en\/wp-json\/wp\/v2\/product_tag?post=31719"}],"curies":[{"name":"wp","href":"https:\/\/api.w.org\/{rel}","templated":true}]}}