{"id":31722,"date":"2026-05-10T08:11:57","date_gmt":"2026-05-10T08:11:57","guid":{"rendered":"https:\/\/karfler.shop\/product\/reolink-2k-uberwachungskamera-aussen-set-wlan-mit-solar-akkubetrieb-360-schwenkbare-ki-erkennung-zentralverwaltung-lokalspeicher-ohne-abo-gebuhren-home-hub-mini-2xargus-pt-lite-solarpanel\/"},"modified":"2026-05-12T14:57:26","modified_gmt":"2026-05-12T14:57:26","slug":"reolink-2k-uberwachungskamera-aussen-set-wlan-mit-solar-akkubetrieb-360-schwenkbare-ki-erkennung-zentralverwaltung-lokalspeicher-ohne-abo-gebuhren-home-hub-mini-2xargus-pt-lite-solarpanel","status":"publish","type":"product","link":"https:\/\/karfler.shop\/en\/product\/reolink-2k-uberwachungskamera-aussen-set-wlan-mit-solar-akkubetrieb-360-schwenkbare-ki-erkennung-zentralverwaltung-lokalspeicher-ohne-abo-gebuhren-home-hub-mini-2xargus-pt-lite-solarpanel\/","title":{"rendered":"Reolink Home Hub Mini Set, 2K WLAN, 360\u00b0 schwenkbar, Solar\/Akku, KI-Erkennung, Lokalspeicher, 2x Argus PT Lite + Solarpanel, ohne Abo"},"content":{"rendered":"<p><strong>Product Overview<\/strong><\/p>\n<ul>\n<li>\n<strong>Empfohlene Anwendungen f\u00fcr Produkt:<\/strong> Au\u00dfenbereich Sicherheit, Heim\u00fcberwachung, Sicherheit im Freien<\/li>\n<li>\n<strong>Marke:<\/strong> Reolink<\/li>\n<li>\n<strong>Modellname:<\/strong> Home Hub Mini + 2xArgus PT Lite+SP Lite<\/li>\n<li>\n<strong>Konnektivit\u00e4tstechnologie:<\/strong> Kabellos, WLAN<\/li>\n<li>\n<strong>Besonderes Merkmal:<\/strong> 2-Wege-Audio, Fahrzeugerkennung, Personenerkennung, Schwenken\/Neigen, Zeitrafferaufnahme<\/li>\n<\/ul>\n<p><strong>Product Features<\/strong><\/p>\n<ul>\n<li>2K Klarheit: Mit der \u00dcberwachungskamera aussen solar sehen Sie jedes Detail, egal ob bei Tag oder Nacht. Halten Sie langandauernde Ereignisse wie Sonnenunterg\u00e4nge oder Bl\u00fcten mit Zeitrafferaufnahmen fest.<\/li>\n<li>360\u00b0-Vollabdeckung + Smart-Erkennung: 355\u00b0 Schwenken, 140\u00b0 Neigen mit Personen-\/Fahrzeugerkennung, benutzerdefinierten Zonen und reduzierten Fehlalarmen.<\/li>\n<li>Kontinuierliche Stromversorgung: Das Solarpanel dieser Wlan Kamera Outdoor set sorgt f\u00fcr eine unterbrechungsfreie \u00dcberwachung. Einfache Installation an W\u00e4nden, Dachvorspr\u00fcngen oder B\u00e4umen.<\/li>\n<li>Lokaler Speicher, keine monatlichen Geb\u00fchren: Mit 64 GB microSD-Karte, erweiterbar auf bis zu 1 TB. AES128-Verschl\u00fcsselung sorgt diese \u00dcberwachungskamera Aussen Set f\u00fcr die Sicherheit der Aufnahmen.<\/li>\n<li>KI-Ereigniszusammenfassungen: \u00dcberpr\u00fcfen Sie schnell Bewegungserkennungsereignisse nach Tag, Woche oder Monat \u00fcber mehrere Kameras hinweg. Filtern Sie Aufzeichnungen nach Zeit, Ger\u00e4t oder Ereignistyp f\u00fcr eine schnelle und bequeme Wiedergabe.<\/li>\n<li>Gemeinsamer Zugriff: Weisen Sie Rollen zu und legen Sie Berechtigungen f\u00fcr mehrere Benutzer fest. Unterst\u00fctzt 1 Administrator und bis zu 10 Unterkonten mit anpassbaren Rechten wie Live-Ansicht, Schwenken &#038; Neigen und Zwei-Wege-Kommunikation.<\/li>\n<\/ul>\n<p><strong>Product Information<\/strong><\/p>\n<ul>\n<table style=\"margin-bottom:20px\">\n<tbody>\n<tr>\n<td><strong>Besondere Merkmale<\/strong><\/td>\n<td>2-Wege-Audio, Fahrzeugerkennung, Personenerkennung, Schwenken\/Neigen, Zeitrafferaufnahme<\/td>\n<\/tr>\n<tr>\n<td><strong>Verwendung im Innen- und Au\u00dfenbereich<\/strong><\/td>\n<td>Au\u00dfenbereich<\/td>\n<\/tr>\n<tr>\n<td><strong>Kompatible Produkte<\/strong><\/td>\n<td>Mobiltelefone, Tablet<\/td>\n<\/tr>\n<tr>\n<td><strong>Controllertyp<\/strong><\/td>\n<td>Fernbedienung<\/td>\n<\/tr>\n<tr>\n<td><strong>Steckerprofil<\/strong><\/td>\n<td>Kabellos<\/td>\n<\/tr>\n<tr>\n<td><strong>Farbe<\/strong><\/td>\n<td>Wei\u00df<\/td>\n<\/tr>\n<tr>\n<td><strong>Installationsmethode<\/strong><\/td>\n<td>Outdoor<\/td>\n<\/tr>\n<tr>\n<td><strong>Material<\/strong><\/td>\n<td>Kunststoff, Metall<\/td>\n<\/tr>\n<tr>\n<td><strong>Wasserfestigkeitsgrad<\/strong><\/td>\n<td>Wasserdicht<\/td>\n<\/tr>\n<tr>\n<td><strong>Warntyp<\/strong><\/td>\n<td>Nur Bewegung<\/td>\n<\/tr>\n<tr>\n<td><strong>Raumtyp<\/strong><\/td>\n<td>Outdoor<\/td>\n<\/tr>\n<tr>\n<td><strong>Steuerungsart<\/strong><\/td>\n<td>App<\/td>\n<\/tr>\n<tr>\n<td><strong>Netzwerkverbindung<\/strong><\/td>\n<td>Kabellos, WLAN<\/td>\n<\/tr>\n<tr>\n<td><strong>Konnektivit\u00e4tsprotokoll<\/strong><\/td>\n<td>Wi-Fi<\/td>\n<\/tr>\n<tr>\n<td><strong>Wireless-Technologie<\/strong><\/td>\n<td>WLAN<\/td>\n<\/tr>\n<tr>\n<td><strong>Video-Capture-Aufl\u00f6sung<\/strong><\/td>\n<td>1296p, 3mp<\/td>\n<\/tr>\n<tr>\n<td><strong>Effektive Videoaufl\u00f6sung<\/strong><\/td>\n<td>3<\/td>\n<\/tr>\n<tr>\n<td><strong>Betrachtungswinkel<\/strong><\/td>\n<td>355 Grad<\/td>\n<\/tr>\n<tr>\n<td><strong>Artikelabmessungen<\/strong><\/td>\n<td>12,2 x 12,2 x 9,8 cm<\/td>\n<\/tr>\n<tr>\n<td><strong>Anzahl von Einheiten<\/strong><\/td>\n<td>1.0 st\u00fcck<\/td>\n<\/tr>\n<tr>\n<td><strong>Empfohlene Verw.bereiche f\u00fcr Produkt<\/strong><\/td>\n<td>Au\u00dfenbereich Sicherheit, Heim\u00fcberwachung, Sicherheit im Freien<\/td>\n<\/tr>\n<tr>\n<td><strong>Marke<\/strong><\/td>\n<td>Reolink<\/td>\n<\/tr>\n<tr>\n<td><strong>Modellname<\/strong><\/td>\n<td>Home Hub Mini + 2xArgus PT Lite+SP Lite<\/td>\n<\/tr>\n<tr>\n<td><strong>Anzahl an Einzelartikeln<\/strong><\/td>\n<td>1<\/td>\n<\/tr>\n<tr>\n<td><strong>Enthaltene Komponenten<\/strong><\/td>\n<td>2 Argus Pt Lite Kameras, 2 Solar Panel Lite, Home Hub Mini<\/td>\n<\/tr>\n<tr>\n<td><strong>Hersteller-Modellnummer<\/strong><\/td>\n<td>Home Hub Mini + 2xArgus PT Lite+SP Lite<\/td>\n<\/tr>\n<tr>\n<td><strong>Herkunftsland<\/strong><\/td>\n<td>China<\/td>\n<\/tr>\n<tr>\n<td><strong>Verwendung<\/strong><\/td>\n<td>Sicherheit im Freien, \u00dcberwachung<\/td>\n<\/tr>\n<tr>\n<td><strong>Artikeltypbezeichnung<\/strong><\/td>\n<td>Sicherheitskamera<\/td>\n<\/tr>\n<tr>\n<td><strong>Hersteller<\/strong><\/td>\n<td>Reolink<\/td>\n<\/tr>\n<tr>\n<td><strong>Amazon Bestseller-Rang<\/strong><\/td>\n<td><\/td>\n<\/tr>\n<tr>\n<td><strong>ASIN<\/strong><\/td>\n<td>B0FLJCXNYQ<\/td>\n<\/tr>\n<tr>\n<td><strong>Durchschnittliche Kundenbewertung<\/strong><\/td>\n<td><\/td>\n<\/tr>\n<tr>\n<td><strong>Stromquelle<\/strong><\/td>\n<td>Batteriebetrieben mit Solar-Option<\/td>\n<\/tr>\n<tr>\n<td><strong>Batterien werden ben\u00f6tigt<\/strong><\/td>\n<td>Ja<\/td>\n<\/tr>\n<tr>\n<td><strong>Format f\u00fcr Videoaufnahmen<\/strong><\/td>\n<td>H.265<\/td>\n<\/tr>\n<tr>\n<td><strong>Nachtsichtbereich<\/strong><\/td>\n<td>10 Meter<\/td>\n<\/tr>\n<tr>\n<td><strong>Typ des Flashspeichers<\/strong><\/td>\n<td>Micro SDHC<\/td>\n<\/tr>\n<tr>\n<td><strong>Maximale unterst\u00fctzte Speichergr\u00f6\u00dfe der Flash-Speicherkarte<\/strong><\/td>\n<td>128 GB<\/td>\n<\/tr>\n<\/tbody>\n<\/table>\n<\/ul>","protected":false},"excerpt":{"rendered":"<p>Product Overview Empfohlene Anwendungen f\u00fcr Produkt: Au\u00dfenbereich Sicherheit, Heim\u00fcberwachung, Sicherheit im Freien Marke: Reolink Modellname: Home Hub Mini + 2xArgus<\/p>","protected":false},"featured_media":31832,"comment_status":"open","ping_status":"closed","template":"","meta":[],"product_brand":[],"product_cat":[150,151,152],"product_tag":[],"class_list":{"0":"post-31722","1":"product","2":"type-product","3":"status-publish","4":"has-post-thumbnail","6":"product_cat-collection-1","7":"product_cat-collection-2","8":"product_cat-startseite","10":"first","11":"instock","12":"sale","13":"shipping-taxable","14":"purchasable","15":"product-type-variable"},"jetpack_sharing_enabled":true,"_links":{"self":[{"href":"https:\/\/karfler.shop\/en\/wp-json\/wp\/v2\/product\/31722","targetHints":{"allow":["GET"]}}],"collection":[{"href":"https:\/\/karfler.shop\/en\/wp-json\/wp\/v2\/product"}],"about":[{"href":"https:\/\/karfler.shop\/en\/wp-json\/wp\/v2\/types\/product"}],"replies":[{"embeddable":true,"href":"https:\/\/karfler.shop\/en\/wp-json\/wp\/v2\/comments?post=31722"}],"version-history":[{"count":1,"href":"https:\/\/karfler.shop\/en\/wp-json\/wp\/v2\/product\/31722\/revisions"}],"predecessor-version":[{"id":31926,"href":"https:\/\/karfler.shop\/en\/wp-json\/wp\/v2\/product\/31722\/revisions\/31926"}],"wp:featuredmedia":[{"embeddable":true,"href":"https:\/\/karfler.shop\/en\/wp-json\/wp\/v2\/media\/31832"}],"wp:attachment":[{"href":"https:\/\/karfler.shop\/en\/wp-json\/wp\/v2\/media?parent=31722"}],"wp:term":[{"taxonomy":"product_brand","embeddable":true,"href":"https:\/\/karfler.shop\/en\/wp-json\/wp\/v2\/product_brand?post=31722"},{"taxonomy":"product_cat","embeddable":true,"href":"https:\/\/karfler.shop\/en\/wp-json\/wp\/v2\/product_cat?post=31722"},{"taxonomy":"product_tag","embeddable":true,"href":"https:\/\/karfler.shop\/en\/wp-json\/wp\/v2\/product_tag?post=31722"}],"curies":[{"name":"wp","href":"https:\/\/api.w.org\/{rel}","templated":true}]}}