{"id":31726,"date":"2026-05-10T08:11:57","date_gmt":"2026-05-10T08:11:57","guid":{"rendered":"https:\/\/karfler.shop\/product\/reolink-4k-8mp-uhd-ptz-outdoor-uberwachungskamera-poe-mit-5x-3d-optischem-zoom-auto-tracking-farbnachtsicht-smarte-personen-fahrzeug-tier-erkennung-zwei-wege-audio-24-7-aufzeichnung-rlc-823s1\/"},"modified":"2026-05-12T14:57:28","modified_gmt":"2026-05-12T14:57:28","slug":"reolink-4k-8mp-uhd-ptz-outdoor-uberwachungskamera-poe-mit-5x-3d-optischem-zoom-auto-tracking-farbnachtsicht-smarte-personen-fahrzeug-tier-erkennung-zwei-wege-audio-24-7-aufzeichnung-rlc-823s1","status":"publish","type":"product","link":"https:\/\/karfler.shop\/en\/product\/reolink-4k-8mp-uhd-ptz-outdoor-uberwachungskamera-poe-mit-5x-3d-optischem-zoom-auto-tracking-farbnachtsicht-smarte-personen-fahrzeug-tier-erkennung-zwei-wege-audio-24-7-aufzeichnung-rlc-823s1\/","title":{"rendered":"Reolink RLC-823S1 PTZ \u00dcberwachungskamera 4K 8MP, 5x optischer Zoom, Auto-Tracking, Farbnachtsicht, KI-Erkennung, Zwei-Wege-Audio, PoE"},"content":{"rendered":"<p><strong>Product Overview<\/strong><\/p>\n<ul>\n<li>\n<strong>Empfohlene Anwendungen f\u00fcr Produkt:<\/strong> Au\u00dfenbereich Sicherheit<\/li>\n<li>\n<strong>Marke:<\/strong> Reolink<\/li>\n<li>\n<strong>Modellname:<\/strong> RLC-823S1<\/li>\n<li>\n<strong>Konnektivit\u00e4tstechnologie:<\/strong> PoE<\/li>\n<li>\n<strong>Besonderes Merkmal:<\/strong> 2-Wege-Audio, HD-Aufl\u00f6sung, Nachtsicht, PTZ-Technologie<\/li>\n<\/ul>\n<p><strong>Product Features<\/strong><\/p>\n<ul>\n<li>4K UHD VIDEO &#038; ZWEI NACHTSICHT MODI: Genie\u00dfen Sie mit dieser Kamera atemberaubende Sicht in 4K 8MP Ultra HD, Farbdetails auch bei schlechten Lichtverh\u00e4ltnissen. Wenn Sie in den Infrarot-Nachtsichtmodus wechseln, k\u00f6nnen Sie selbst aus einer Entfernung von bis zu 60 Metern noch klare Details erkennen.<\/li>\n<li>360\u00b0 PAN &#038; 90\u00b0 TILT &#038; AUTO-TRACKING: Genie\u00dfen Sie mit der RLC-823S1 einen weiten Blickwinkel. Durch 360\u00b0-Schwenk- und 90\u00b0-Neigefunktionen verfolgt die Kamera automatisch sich bewegende Ziele aus jeder Ecke. (Einstellbare Schwenkgeschwindigkeit: 1,4\u00b0- 180\u00b0\/s; Neigung: 1,4\u00b0- 56\u00b0\/s).<\/li>\n<li>5X 3D-OPTISCHE ZOOMFUNKTION: Die 3D-Zoomfunktion sorgt f\u00fcr ein optimales Live-View-Erlebnis und erm\u00f6glicht die sofortige Fokussierung auf bestimmte Bereiche ohne mehrere Klicks. Sie k\u00f6nnen Ihr Ziel m\u00fchelos erfassen und in die Mitte des Bildschirms setzen.<\/li>\n<li>SMARTE ERKENNUNG &#038; 2-WEGE-AUDIO: Pr\u00e4zise Erkennung von Personen-\/Fahrzeugbewegungen und Reduzierung von Fehlalarmen. Unsere fortschrittliche Tiererkennung geht \u00fcber Katzen\/Hunde hinaus und erkennt mehr Tieren. Sie k\u00f6nnen \u00fcberdies mit Personen an der Seite der Kamera \u00fcber Zwei-Wege-Audio sprechen.<\/li>\n<li>EINFACHE PoE-INSTALLATION &#038; FLEXIBLE AUFZEICHNUNGSOPTIONEN: Dank der Power-over-Ethernet-Technologie (PoE) kann diese PTZ-IP-Kamera \u00fcber nur ein Netzwerkkabel zugleich Videos \u00fcbertragen und geladen werden. Speicherm\u00f6glichkeiten: microSD-Karte (max. 512GB, nicht inkl.), Reolink NVR, FTP-Server oder Reolink Cloud. Reolink Cloud ist verf\u00fcgbar, nachdem die Kamera auf die neueste Firmware aktualisiert wurde<\/li>\n<\/ul>\n<p><strong>Product Information<\/strong><\/p>\n<ul>\n<table style=\"margin-bottom:20px\">\n<tbody>\n<tr>\n<td><strong>Besondere Merkmale<\/strong><\/td>\n<td>2-Wege-Audio, HD-Aufl\u00f6sung, Nachtsicht, PTZ-Technologie<\/td>\n<\/tr>\n<tr>\n<td><strong>Verwendung im Innen- und Au\u00dfenbereich<\/strong><\/td>\n<td>Au\u00dfenbereich<\/td>\n<\/tr>\n<tr>\n<td><strong>Kompatible Produkte<\/strong><\/td>\n<td>PC: Windows, Mac OS; Smartphone: iOS, Android<\/td>\n<\/tr>\n<tr>\n<td><strong>Controllertyp<\/strong><\/td>\n<td>PoE<\/td>\n<\/tr>\n<tr>\n<td><strong>Steckerprofil<\/strong><\/td>\n<td>Wandmontage<\/td>\n<\/tr>\n<tr>\n<td><strong>Farbe<\/strong><\/td>\n<td>Wei\u00df<\/td>\n<\/tr>\n<tr>\n<td><strong>Formfaktor<\/strong><\/td>\n<td>Dome<\/td>\n<\/tr>\n<tr>\n<td><strong>Installationsmethode<\/strong><\/td>\n<td>Freistehend<\/td>\n<\/tr>\n<tr>\n<td><strong>Material<\/strong><\/td>\n<td>Metall<\/td>\n<\/tr>\n<tr>\n<td><strong>Warntyp<\/strong><\/td>\n<td>Nur Bewegung<\/td>\n<\/tr>\n<tr>\n<td><strong>Raumtyp<\/strong><\/td>\n<td>Garage<\/td>\n<\/tr>\n<tr>\n<td><strong>Leuchtmitteltyp<\/strong><\/td>\n<td>Infrarot<\/td>\n<\/tr>\n<tr>\n<td><strong>Effektive Standbildaufl\u00f6sung<\/strong><\/td>\n<td>8 MP<\/td>\n<\/tr>\n<tr>\n<td><strong>IP-Schutzart<\/strong><\/td>\n<td>IP65<\/td>\n<\/tr>\n<tr>\n<td><strong>Aufl\u00f6sung der r\u00fcckseitigen Webcam<\/strong><\/td>\n<td>8 MP<\/td>\n<\/tr>\n<tr>\n<td><strong>Steuerungsart<\/strong><\/td>\n<td>App<\/td>\n<\/tr>\n<tr>\n<td><strong>Stromquelle<\/strong><\/td>\n<td>Kabelgebunden<\/td>\n<\/tr>\n<tr>\n<td><strong>Stromspannung<\/strong><\/td>\n<td>12 Volt<\/td>\n<\/tr>\n<tr>\n<td><strong>Stromverbrauch<\/strong><\/td>\n<td>20 Watt<\/td>\n<\/tr>\n<tr>\n<td><strong>Batterien werden ben\u00f6tigt<\/strong><\/td>\n<td>Nein<\/td>\n<\/tr>\n<tr>\n<td><strong>Optischer Zoom<\/strong><\/td>\n<td>5 x<\/td>\n<\/tr>\n<tr>\n<td><strong>Fokussierungsfunktion<\/strong><\/td>\n<td>Autofokus<\/td>\n<\/tr>\n<tr>\n<td><strong>Zoomtyp<\/strong><\/td>\n<td>Optischer Zoom<\/td>\n<\/tr>\n<tr>\n<td><strong>Fotosensortechnologie<\/strong><\/td>\n<td>CMOS<\/td>\n<\/tr>\n<tr>\n<td><strong>Empfohlene Verw.bereiche f\u00fcr Produkt<\/strong><\/td>\n<td>Au\u00dfenbereich Sicherheit<\/td>\n<\/tr>\n<tr>\n<td><strong>Marke<\/strong><\/td>\n<td>Reolink<\/td>\n<\/tr>\n<tr>\n<td><strong>Modellname<\/strong><\/td>\n<td>RLC-823S1<\/td>\n<\/tr>\n<tr>\n<td><strong>Anzahl an Einzelartikeln<\/strong><\/td>\n<td>1<\/td>\n<\/tr>\n<tr>\n<td><strong>Enthaltene Komponenten<\/strong><\/td>\n<td>1X 1m Netzwerkkabel, 1X Drahtseil-Anker, 1X Netzadapter, 1X RLC-823S1, 1X Schraubenpaket<\/td>\n<\/tr>\n<tr>\n<td><strong>Hersteller-Modellnummer<\/strong><\/td>\n<td>RLC-823S1<\/td>\n<\/tr>\n<tr>\n<td><strong>Herkunftsland<\/strong><\/td>\n<td>China<\/td>\n<\/tr>\n<tr>\n<td><strong>Verwendung<\/strong><\/td>\n<td>\u00dcberwachung<\/td>\n<\/tr>\n<tr>\n<td><strong>Hersteller<\/strong><\/td>\n<td>Reolink<\/td>\n<\/tr>\n<tr>\n<td><strong>Amazon Bestseller-Rang<\/strong><\/td>\n<td><\/td>\n<\/tr>\n<tr>\n<td><strong>ASIN<\/strong><\/td>\n<td>B0CQL1YP5C<\/td>\n<\/tr>\n<tr>\n<td><strong>Durchschnittliche Kundenbewertung<\/strong><\/td>\n<td><\/td>\n<\/tr>\n<tr>\n<td><strong>Netzwerkverbindung<\/strong><\/td>\n<td>PoE<\/td>\n<\/tr>\n<tr>\n<td><strong>Konnektivit\u00e4tsprotokoll<\/strong><\/td>\n<td>PoE<\/td>\n<\/tr>\n<tr>\n<td><strong>Wireless-Technologie<\/strong><\/td>\n<td>WLAN<\/td>\n<\/tr>\n<tr>\n<td><strong>Video-Capture-Aufl\u00f6sung<\/strong><\/td>\n<td>4k<\/td>\n<\/tr>\n<tr>\n<td><strong>Anzahl von Kan\u00e4len<\/strong><\/td>\n<td>2<\/td>\n<\/tr>\n<tr>\n<td><strong>Format f\u00fcr Videoaufnahmen<\/strong><\/td>\n<td>H.265<\/td>\n<\/tr>\n<tr>\n<td><strong>Nachtsichtbereich<\/strong><\/td>\n<td>60 Meter<\/td>\n<\/tr>\n<tr>\n<td><strong>Nachtsicht<\/strong><\/td>\n<td>Nachtfarbe<\/td>\n<\/tr>\n<tr>\n<td><strong>Anzahl von Einheiten<\/strong><\/td>\n<td>1.0 st\u00fcck<\/td>\n<\/tr>\n<\/tbody>\n<\/table>\n<\/ul>","protected":false},"excerpt":{"rendered":"<p>Product Overview Empfohlene Anwendungen f\u00fcr Produkt: Au\u00dfenbereich Sicherheit Marke: Reolink Modellname: RLC-823S1 Konnektivit\u00e4tstechnologie: PoE Besonderes Merkmal: 2-Wege-Audio, HD-Aufl\u00f6sung, Nachtsicht, PTZ-Technologie<\/p>","protected":false},"featured_media":31849,"comment_status":"open","ping_status":"closed","template":"","meta":[],"product_brand":[],"product_cat":[150,151,152],"product_tag":[],"class_list":{"0":"post-31726","1":"product","2":"type-product","3":"status-publish","4":"has-post-thumbnail","6":"product_cat-collection-1","7":"product_cat-collection-2","8":"product_cat-startseite","10":"first","11":"instock","12":"sale","13":"shipping-taxable","14":"purchasable","15":"product-type-variable"},"jetpack_sharing_enabled":true,"_links":{"self":[{"href":"https:\/\/karfler.shop\/en\/wp-json\/wp\/v2\/product\/31726","targetHints":{"allow":["GET"]}}],"collection":[{"href":"https:\/\/karfler.shop\/en\/wp-json\/wp\/v2\/product"}],"about":[{"href":"https:\/\/karfler.shop\/en\/wp-json\/wp\/v2\/types\/product"}],"replies":[{"embeddable":true,"href":"https:\/\/karfler.shop\/en\/wp-json\/wp\/v2\/comments?post=31726"}],"version-history":[{"count":1,"href":"https:\/\/karfler.shop\/en\/wp-json\/wp\/v2\/product\/31726\/revisions"}],"predecessor-version":[{"id":31927,"href":"https:\/\/karfler.shop\/en\/wp-json\/wp\/v2\/product\/31726\/revisions\/31927"}],"wp:featuredmedia":[{"embeddable":true,"href":"https:\/\/karfler.shop\/en\/wp-json\/wp\/v2\/media\/31849"}],"wp:attachment":[{"href":"https:\/\/karfler.shop\/en\/wp-json\/wp\/v2\/media?parent=31726"}],"wp:term":[{"taxonomy":"product_brand","embeddable":true,"href":"https:\/\/karfler.shop\/en\/wp-json\/wp\/v2\/product_brand?post=31726"},{"taxonomy":"product_cat","embeddable":true,"href":"https:\/\/karfler.shop\/en\/wp-json\/wp\/v2\/product_cat?post=31726"},{"taxonomy":"product_tag","embeddable":true,"href":"https:\/\/karfler.shop\/en\/wp-json\/wp\/v2\/product_tag?post=31726"}],"curies":[{"name":"wp","href":"https:\/\/api.w.org\/{rel}","templated":true}]}}