{"id":31729,"date":"2026-05-10T08:11:58","date_gmt":"2026-05-10T08:11:58","guid":{"rendered":"https:\/\/karfler.shop\/product\/reolink-smart-4k-8mp-uhd-ptz-dome-uberwachungskamera-aussen-mit-revolutionaren-16x-optischem-3d-zoom-farbnachtsicht-personen-fahrzeug-tiererkennung-zwei-wege-audio-24-7-aufzeichnung-rlc-823s2\/"},"modified":"2026-05-12T14:57:24","modified_gmt":"2026-05-12T14:57:24","slug":"reolink-smart-4k-8mp-uhd-ptz-dome-uberwachungskamera-aussen-mit-revolutionaren-16x-optischem-3d-zoom-farbnachtsicht-personen-fahrzeug-tiererkennung-zwei-wege-audio-24-7-aufzeichnung-rlc-823s2","status":"publish","type":"product","link":"https:\/\/karfler.shop\/en\/product\/reolink-smart-4k-8mp-uhd-ptz-dome-uberwachungskamera-aussen-mit-revolutionaren-16x-optischem-3d-zoom-farbnachtsicht-personen-fahrzeug-tiererkennung-zwei-wege-audio-24-7-aufzeichnung-rlc-823s2\/","title":{"rendered":"Reolink RLC-823S2 PTZ Dome \u00dcberwachungskamera 4K 8MP, 16x optischer Zoom, Farbnachtsicht, KI-Erkennung, Zwei-Wege-Audio, 24\/7 Aufzeichnung"},"content":{"rendered":"<p><strong>Product Overview<\/strong><\/p>\n<ul>\n<li>\n<strong>Empfohlene Anwendungen f\u00fcr Produkt:<\/strong> Au\u00dfenbereich Sicherheit<\/li>\n<li>\n<strong>Marke:<\/strong> Reolink<\/li>\n<li>\n<strong>Modellname:<\/strong> RLC-823S2<\/li>\n<li>\n<strong>Konnektivit\u00e4tstechnologie:<\/strong> PoE<\/li>\n<li>\n<strong>Besonderes Merkmal:<\/strong> <\/li>\n<\/ul>\n<p><strong>Product Features<\/strong><\/p>\n<ul>\n<li>4K UHD-Ansicht und zwei Nachtsichtmodi: Tauchen Sie ein in atemberaubende 4K UHD-Ansichten. Farb- und Infrarot-Nachtsichtmodi erm\u00f6glichen Ihnen eine umfassende Nachtsicht. Tag &#038; Nacht Ultra-Klarheit und lebendige Details einsehen f\u00fcr 24\/7 Sicherheit.<\/li>\n<li>16X 3D-Zoomfunktion: Verbesserte Live-View durch die optimierte 3D-Zoomfunktion. Einfach &#038; direkt bestimmte Bereiche fokussieren, ohne dass mehrere Klicks n\u00f6tig sind, und das Ziel m\u00fchelos auf dem Bildschirm zentrieren f\u00fcr eine nahtlose Aufnahme. .<\/li>\n<li>360\u00b0 Schwenken &#038; 90\u00b0 Neigen mit Auto-Tracking: Erleben Sie einen erweiterten Sichtbereich. RLC-823S2 l\u00e4sst sich um 360\u00b0 schwenken und um 90\u00b0 neigen. Objekte in Bewegung werden automatisch verfolgt f\u00fcr umfassende Sicherheit im \u00dcberwachungsbereich.<\/li>\n<li>Smart-Erkennung &#038; 2-Wege-Audio: Pr\u00e4zise Personen-\/Fahrzeug-\/Tiererkennung (nicht nur Katzen\/Hunde, sondern auch viele andere Tiere). Fehlalarme werden reduziert. Nahtlose Gespr\u00e4che mit Personen vor der Cam \u00fcber Zwei-Wege-Audio, einfach &#038; effizient.<\/li>\n<li>PoE-Technologie &#038; mehrere Speicher- und Aufnahmeoptionen: Ein einziges Kabel sorgt f\u00fcr stabile 4K-Video\u00fcbertragung &#038; Stromversorgung. Kein Kabelgewirr und ein robustes Signal. F\u00fcr optimale Leistung verwenden Sie am besten den IEEE802.3at PoE-Switch. Die Kamera unterst\u00fctzt Home Assistant.<\/li>\n<\/ul>\n<p><strong>Product Information<\/strong><\/p>\n<ul>\n<table style=\"margin-bottom:20px\">\n<tbody>\n<tr>\n<td><strong>Besondere Merkmale<\/strong><\/td>\n<td>360\u00b0 Panorama und 90\u00b0 Neigung, 4K 8MP Ultra HD mit 16X optischem 3D Zoom, Automatische Verfolgung, stabile PoE-Verbindung, Erkennung von Person\/Fahrzeug, Zwei-Wege-Audio, Nachtsicht<\/td>\n<\/tr>\n<tr>\n<td><strong>Verwendung im Innen- und Au\u00dfenbereich<\/strong><\/td>\n<td>Au\u00dfenbereich<\/td>\n<\/tr>\n<tr>\n<td><strong>Steckerprofil<\/strong><\/td>\n<td>Wandmontage<\/td>\n<\/tr>\n<tr>\n<td><strong>Farbe<\/strong><\/td>\n<td>Wei\u00df<\/td>\n<\/tr>\n<tr>\n<td><strong>Effektive Standbildaufl\u00f6sung<\/strong><\/td>\n<td>8 MP<\/td>\n<\/tr>\n<tr>\n<td><strong>Steuerungsart<\/strong><\/td>\n<td>App<\/td>\n<\/tr>\n<tr>\n<td><strong>Netzwerkverbindung<\/strong><\/td>\n<td>PoE<\/td>\n<\/tr>\n<tr>\n<td><strong>Konnektivit\u00e4tsprotokoll<\/strong><\/td>\n<td>PoE<\/td>\n<\/tr>\n<tr>\n<td><strong>Stromquelle<\/strong><\/td>\n<td>Kabelgebunden<\/td>\n<\/tr>\n<tr>\n<td><strong>Batterien werden ben\u00f6tigt<\/strong><\/td>\n<td>Nein<\/td>\n<\/tr>\n<tr>\n<td><strong>Video-Capture-Aufl\u00f6sung<\/strong><\/td>\n<td>4k<\/td>\n<\/tr>\n<tr>\n<td><strong>Optischer Zoom<\/strong><\/td>\n<td>16 x<\/td>\n<\/tr>\n<tr>\n<td><strong>Zoomtyp<\/strong><\/td>\n<td>Optischer Zoom<\/td>\n<\/tr>\n<tr>\n<td><strong>Empfohlene Verw.bereiche f\u00fcr Produkt<\/strong><\/td>\n<td>Au\u00dfenbereich Sicherheit<\/td>\n<\/tr>\n<tr>\n<td><strong>Marke<\/strong><\/td>\n<td>Reolink<\/td>\n<\/tr>\n<tr>\n<td><strong>Modellname<\/strong><\/td>\n<td>RLC-823S2<\/td>\n<\/tr>\n<tr>\n<td><strong>Anzahl an Einzelartikeln<\/strong><\/td>\n<td>1<\/td>\n<\/tr>\n<tr>\n<td><strong>Enthaltene Komponenten<\/strong><\/td>\n<td>Packung mit Schrauben, Sicherheitskordel, PoE-Kamera RLC-823S2, Netzadapter, 1 m Netzkabel, wasserdichte Abdeckung, Schnellanleitung, \u00dcberwachungswarnaufkleber, Montagemodell<\/td>\n<\/tr>\n<tr>\n<td><strong>Hersteller-Modellnummer<\/strong><\/td>\n<td>RLC-823S2<\/td>\n<\/tr>\n<tr>\n<td><strong>Herkunftsland<\/strong><\/td>\n<td>China<\/td>\n<\/tr>\n<tr>\n<td><strong>Hersteller<\/strong><\/td>\n<td>Reolink<\/td>\n<\/tr>\n<tr>\n<td><strong>Amazon Bestseller-Rang<\/strong><\/td>\n<td><\/td>\n<\/tr>\n<tr>\n<td><strong>ASIN<\/strong><\/td>\n<td>B0CQLV9QYX<\/td>\n<\/tr>\n<tr>\n<td><strong>Durchschnittliche Kundenbewertung<\/strong><\/td>\n<td><\/td>\n<\/tr>\n<tr>\n<td><strong>Format f\u00fcr Videoaufnahmen<\/strong><\/td>\n<td>H.265<\/td>\n<\/tr>\n<tr>\n<td><strong>Artikelabmessungen<\/strong><\/td>\n<td>24,2 x 19,5 x 28,5 cm<\/td>\n<\/tr>\n<tr>\n<td><strong>Anzahl von Einheiten<\/strong><\/td>\n<td>1.0 st\u00fcck<\/td>\n<\/tr>\n<\/tbody>\n<\/table>\n<\/ul>","protected":false},"excerpt":{"rendered":"<p>Product Overview Empfohlene Anwendungen f\u00fcr Produkt: Au\u00dfenbereich Sicherheit Marke: Reolink Modellname: RLC-823S2 Konnektivit\u00e4tstechnologie: PoE Besonderes Merkmal: Product Features 4K UHD-Ansicht<\/p>","protected":false},"featured_media":31859,"comment_status":"open","ping_status":"closed","template":"","meta":[],"product_brand":[],"product_cat":[150,151,152],"product_tag":[],"class_list":{"0":"post-31729","1":"product","2":"type-product","3":"status-publish","4":"has-post-thumbnail","6":"product_cat-collection-1","7":"product_cat-collection-2","8":"product_cat-startseite","10":"first","11":"instock","12":"sale","13":"shipping-taxable","14":"purchasable","15":"product-type-simple"},"jetpack_sharing_enabled":true,"_links":{"self":[{"href":"https:\/\/karfler.shop\/en\/wp-json\/wp\/v2\/product\/31729","targetHints":{"allow":["GET"]}}],"collection":[{"href":"https:\/\/karfler.shop\/en\/wp-json\/wp\/v2\/product"}],"about":[{"href":"https:\/\/karfler.shop\/en\/wp-json\/wp\/v2\/types\/product"}],"replies":[{"embeddable":true,"href":"https:\/\/karfler.shop\/en\/wp-json\/wp\/v2\/comments?post=31729"}],"version-history":[{"count":1,"href":"https:\/\/karfler.shop\/en\/wp-json\/wp\/v2\/product\/31729\/revisions"}],"predecessor-version":[{"id":31925,"href":"https:\/\/karfler.shop\/en\/wp-json\/wp\/v2\/product\/31729\/revisions\/31925"}],"wp:featuredmedia":[{"embeddable":true,"href":"https:\/\/karfler.shop\/en\/wp-json\/wp\/v2\/media\/31859"}],"wp:attachment":[{"href":"https:\/\/karfler.shop\/en\/wp-json\/wp\/v2\/media?parent=31729"}],"wp:term":[{"taxonomy":"product_brand","embeddable":true,"href":"https:\/\/karfler.shop\/en\/wp-json\/wp\/v2\/product_brand?post=31729"},{"taxonomy":"product_cat","embeddable":true,"href":"https:\/\/karfler.shop\/en\/wp-json\/wp\/v2\/product_cat?post=31729"},{"taxonomy":"product_tag","embeddable":true,"href":"https:\/\/karfler.shop\/en\/wp-json\/wp\/v2\/product_tag?post=31729"}],"curies":[{"name":"wp","href":"https:\/\/api.w.org\/{rel}","templated":true}]}}