{"id":31730,"date":"2026-05-10T08:11:59","date_gmt":"2026-05-10T08:11:59","guid":{"rendered":"https:\/\/karfler.shop\/product\/reolink-4k-uberwachungskamera-aussen-set-8ch-videouberwachung-mit-4x-8mp-poe-ip-kamera-und-2tb-hdd-nvr-fur-24-7-aufnahme-innen-outdoor-personenerkennung-und-fahrzeugerkennung-ip67-rlk8-800b4\/"},"modified":"2026-05-12T14:57:19","modified_gmt":"2026-05-12T14:57:19","slug":"reolink-4k-uberwachungskamera-aussen-set-8ch-videouberwachung-mit-4x-8mp-poe-ip-kamera-und-2tb-hdd-nvr-fur-24-7-aufnahme-innen-outdoor-personenerkennung-und-fahrzeugerkennung-ip67-rlk8-800b4","status":"publish","type":"product","link":"https:\/\/karfler.shop\/en\/product\/reolink-4k-uberwachungskamera-aussen-set-8ch-videouberwachung-mit-4x-8mp-poe-ip-kamera-und-2tb-hdd-nvr-fur-24-7-aufnahme-innen-outdoor-personenerkennung-und-fahrzeugerkennung-ip67-rlk8-800b4\/","title":{"rendered":"Reolink RLK8-800B4 \u00dcberwachungsset, 4K 8MP, 8-Kanal NVR, 4x PoE IP-Kamera, 2TB HDD, 24\/7 Aufnahme, Personen- &#038; Fahrzeugerkennung, IP67"},"content":{"rendered":"<p><strong>Product Overview<\/strong><\/p>\n<ul>\n<li>\n<strong>Marke:<\/strong> Reolink<\/li>\n<li>\n<strong>Konnektivit\u00e4tstechnologie:<\/strong> Kabelgebunden<\/li>\n<li>\n<strong>Videoaufnahmeaufl\u00f6sung:<\/strong> 4K<\/li>\n<li>\n<strong>Besonderes Merkmal:<\/strong> 4K UHD, Power on Ethernet, 8-Kanal NVR, 2TB Festplatte, Audioaufzeichnung<\/li>\n<li>\n<strong>Anzahl der Kan\u00e4le:<\/strong> 8<\/li>\n<\/ul>\n<p><strong>Product Features<\/strong><\/p>\n<ul>\n<li>4K ULTRA HD: Dieses PoE \u00dcberwachungssystem bietet fast die vierfache Sch\u00e4rfe von 1080p und eine unglaubliche Sch\u00e4rfe mit 20 Bildern pro Sekunde f\u00fcr 4K-Aufl\u00f6sung, die bei Tag und Nacht ein H\u00f6chstma\u00df an Details in Ihrem \u00dcberwachungsbereich gew\u00e4hrleistet.<\/li>\n<li>PERSONEN-\/FAHRZEUGERKENNUNG: Das System verf\u00fcgt jetzt \u00fcber eine Personen-\/Fahrzeugerkennungsfunktion, die Fehlalarme durch wehende \u00c4ste und fliegende K\u00e4fer reduziert, so dass Sie nur bei echten Bedrohungen alarmiert werden.<\/li>\n<li>UNBEDINGTE 24\/7 AUFZEICHNUNGEN: Ihr Eigentum ist jetzt rund um die Uhr gesch\u00fctzt, ohne dass Sie wichtige Momente verpassen, da der NVR mit einer 2TB Festplatte vorinstalliert ist. Der Zugriff und die Wiedergabe k\u00f6nnen auch aus der Ferne mit der Reolink-Software erfolgen.<\/li>\n<li>PLUG &#038; PLAY EINRICHTUNG: Die PoE Technologie macht es einfach, ein Kamerasystem zu installieren. Schlie\u00dfen Sie einfach alle Kameras \u00fcber ein Ethernet-Kabel an Ihren PoE NVR an, und Ihr System f\u00fcgt sie automatisch hinzu, bereit f\u00fcr Ihre Befehle.<\/li>\n<li>KOMPATIBEL NUR MIT REOLINK IP KAMERAS: Dieses 4K PoE CCTV Kamera Kit kann mit jeder Reolink PoE\/WIFI-Kamera(Batterie-freien) ohne Kompatibilit\u00e4tsprobleme auf ein 8-Kamera-Kit erweitert werden wie Reolink 8MP\/5MP\/4MP PoE IP Kameras RLC510A, 811A, E-Serie usw.<\/li>\n<\/ul>\n<p><strong>Product Information<\/strong><\/p>\n<ul>\n<table style=\"margin-bottom:20px\">\n<tbody>\n<tr>\n<td><strong>Netzwerkverbindung<\/strong><\/td>\n<td>Kabelgebunden<\/td>\n<\/tr>\n<tr>\n<td><strong>Video-Capture-Aufl\u00f6sung<\/strong><\/td>\n<td>4K<\/td>\n<\/tr>\n<tr>\n<td><strong>Besondere Merkmale<\/strong><\/td>\n<td>4K UHD, Power on Ethernet, 8-Kanal NVR, 2TB Festplatte, Audioaufzeichnung<\/td>\n<\/tr>\n<tr>\n<td><strong>Anzahl von Kan\u00e4len<\/strong><\/td>\n<td>8<\/td>\n<\/tr>\n<tr>\n<td><strong>Kapazit\u00e4t des Arbeitsspeichers<\/strong><\/td>\n<td>2 TB<\/td>\n<\/tr>\n<tr>\n<td><strong>Stromquelle<\/strong><\/td>\n<td>DC oder PoE (IEEE 802.3af)<\/td>\n<\/tr>\n<tr>\n<td><strong>Betriebssystem<\/strong><\/td>\n<td>Android, Windows, iOS<\/td>\n<\/tr>\n<tr>\n<td><strong>Kompatible Produkte<\/strong><\/td>\n<td>Laptops, Personal Computer, Smartphones, Tablets<\/td>\n<\/tr>\n<tr>\n<td><strong>Signalformat<\/strong><\/td>\n<td>Digital<\/td>\n<\/tr>\n<tr>\n<td><strong>Kamerabeschreibung<\/strong><\/td>\n<td>4K UHD, Personen-\/Autoerkennung<\/td>\n<\/tr>\n<tr>\n<td><strong>Nachtsicht<\/strong><\/td>\n<td>Nachtsicht<\/td>\n<\/tr>\n<tr>\n<td><strong>Objektiv<\/strong><\/td>\n<td>f=4,0 mm fest, F=2,0, mit IR Cut<\/td>\n<\/tr>\n<tr>\n<td><strong>Nachtsichtbereich<\/strong><\/td>\n<td>30 Meter<\/td>\n<\/tr>\n<tr>\n<td><strong>Bildfrequenz<\/strong><\/td>\n<td>Main-Stream@20 fps, Sub-Stream@7fps<\/td>\n<\/tr>\n<tr>\n<td><strong>Aufnahmemodus<\/strong><\/td>\n<td>Kontinuierliche Bewegungserkennung<\/td>\n<\/tr>\n<tr>\n<td><strong>Optische Sensor-Technologie<\/strong><\/td>\n<td>CMOS<\/td>\n<\/tr>\n<tr>\n<td><strong>Anzahl USB-Ausg\u00e4nge<\/strong><\/td>\n<td>2<\/td>\n<\/tr>\n<tr>\n<td><strong>Hardwareschnittstelle<\/strong><\/td>\n<td>Ethernet<\/td>\n<\/tr>\n<tr>\n<td><strong>Linsentyp<\/strong><\/td>\n<td>Fest<\/td>\n<\/tr>\n<tr>\n<td><strong>Art des unterst\u00fctzten Video-Eingangs<\/strong><\/td>\n<td>RJ45<\/td>\n<\/tr>\n<tr>\n<td><strong>Betrachtungswinkel<\/strong><\/td>\n<td>87 Grad<\/td>\n<\/tr>\n<tr>\n<td><strong>Marke<\/strong><\/td>\n<td>Reolink<\/td>\n<\/tr>\n<tr>\n<td><strong>Hersteller-Modellnummer<\/strong><\/td>\n<td>RLK8-800B4<\/td>\n<\/tr>\n<tr>\n<td><strong>Hersteller<\/strong><\/td>\n<td>Reolink<\/td>\n<\/tr>\n<tr>\n<td><strong>UPC<\/strong><\/td>\n<td>633696952997<\/td>\n<\/tr>\n<tr>\n<td><strong>Enthaltene Komponenten<\/strong><\/td>\n<td>NVR and 4 \u00dcberwachunskameras<\/td>\n<\/tr>\n<tr>\n<td><strong>Herkunftsland<\/strong><\/td>\n<td>China<\/td>\n<\/tr>\n<tr>\n<td><strong>Garantie<\/strong><\/td>\n<td>24 monaten garantie ab kaufsdatum.<\/td>\n<\/tr>\n<tr>\n<td><strong>Amazon Bestseller-Rang<\/strong><\/td>\n<td><\/td>\n<\/tr>\n<tr>\n<td><strong>ASIN<\/strong><\/td>\n<td>B07LBFJDQW<\/td>\n<\/tr>\n<tr>\n<td><strong>Durchschnittliche Kundenbewertung<\/strong><\/td>\n<td><\/td>\n<\/tr>\n<tr>\n<td><strong>Farbe<\/strong><\/td>\n<td>Wei\u00df<\/td>\n<\/tr>\n<tr>\n<td><strong>Artikelabmessungen<\/strong><\/td>\n<td>26 x 23 x 41 cm<\/td>\n<\/tr>\n<\/tbody>\n<\/table>\n<\/ul>","protected":false},"excerpt":{"rendered":"<p>Product Overview Marke: Reolink Konnektivit\u00e4tstechnologie: Kabelgebunden Videoaufnahmeaufl\u00f6sung: 4K Besonderes Merkmal: 4K UHD, Power on Ethernet, 8-Kanal NVR, 2TB Festplatte, Audioaufzeichnung<\/p>","protected":false},"featured_media":31872,"comment_status":"open","ping_status":"closed","template":"","meta":[],"product_brand":[],"product_cat":[150,151,152],"product_tag":[],"class_list":{"0":"post-31730","1":"product","2":"type-product","3":"status-publish","4":"has-post-thumbnail","6":"product_cat-collection-1","7":"product_cat-collection-2","8":"product_cat-startseite","10":"first","11":"instock","12":"sale","13":"shipping-taxable","14":"purchasable","15":"product-type-variable"},"jetpack_sharing_enabled":true,"_links":{"self":[{"href":"https:\/\/karfler.shop\/en\/wp-json\/wp\/v2\/product\/31730","targetHints":{"allow":["GET"]}}],"collection":[{"href":"https:\/\/karfler.shop\/en\/wp-json\/wp\/v2\/product"}],"about":[{"href":"https:\/\/karfler.shop\/en\/wp-json\/wp\/v2\/types\/product"}],"replies":[{"embeddable":true,"href":"https:\/\/karfler.shop\/en\/wp-json\/wp\/v2\/comments?post=31730"}],"version-history":[{"count":1,"href":"https:\/\/karfler.shop\/en\/wp-json\/wp\/v2\/product\/31730\/revisions"}],"predecessor-version":[{"id":31922,"href":"https:\/\/karfler.shop\/en\/wp-json\/wp\/v2\/product\/31730\/revisions\/31922"}],"wp:featuredmedia":[{"embeddable":true,"href":"https:\/\/karfler.shop\/en\/wp-json\/wp\/v2\/media\/31872"}],"wp:attachment":[{"href":"https:\/\/karfler.shop\/en\/wp-json\/wp\/v2\/media?parent=31730"}],"wp:term":[{"taxonomy":"product_brand","embeddable":true,"href":"https:\/\/karfler.shop\/en\/wp-json\/wp\/v2\/product_brand?post=31730"},{"taxonomy":"product_cat","embeddable":true,"href":"https:\/\/karfler.shop\/en\/wp-json\/wp\/v2\/product_cat?post=31730"},{"taxonomy":"product_tag","embeddable":true,"href":"https:\/\/karfler.shop\/en\/wp-json\/wp\/v2\/product_tag?post=31730"}],"curies":[{"name":"wp","href":"https:\/\/api.w.org\/{rel}","templated":true}]}}