{"id":31734,"date":"2026-05-10T08:11:59","date_gmt":"2026-05-10T08:11:59","guid":{"rendered":"https:\/\/karfler.shop\/product\/reolink-8ch-4k-poe-nvr-uberwachungssystem-rekorder-mit-2tb-festplatte-videouberwachung-fur-haus-innen-aussen-sicherheit-unterstutzt-16mp-12mp-4k-5mp-4mp-hd-ip-kameras-rln8-410\/"},"modified":"2026-05-12T14:57:21","modified_gmt":"2026-05-12T14:57:21","slug":"reolink-8ch-4k-poe-nvr-uberwachungssystem-rekorder-mit-2tb-festplatte-videouberwachung-fur-haus-innen-aussen-sicherheit-unterstutzt-16mp-12mp-4k-5mp-4mp-hd-ip-kameras-rln8-410","status":"publish","type":"product","link":"https:\/\/karfler.shop\/en\/product\/reolink-8ch-4k-poe-nvr-uberwachungssystem-rekorder-mit-2tb-festplatte-videouberwachung-fur-haus-innen-aussen-sicherheit-unterstutzt-16mp-12mp-4k-5mp-4mp-hd-ip-kameras-rln8-410\/","title":{"rendered":"Reolink RLN8-410 NVR 8-Kanal 4K, 2TB Festplatte, bis 16MP, f\u00fcr IP-Kameras, Video\u00fcberwachung Innen &#038; Au\u00dfen"},"content":{"rendered":"<p><strong>Product Overview<\/strong><\/p>\n<ul>\n<li>\n<strong>Konnektivit\u00e4tstechnologie:<\/strong> Ethernet<\/li>\n<li>\n<strong>Kompatible Ger\u00e4te:<\/strong> Kamera<\/li>\n<li>\n<strong>Produktabmessungen:<\/strong> 25,5L x 22B x 5H cm<\/li>\n<li>\n<strong>Marke:<\/strong> Reolink<\/li>\n<li>\n<strong>Speicherkapazit\u00e4t:<\/strong> 2 TB<\/li>\n<\/ul>\n<p><strong>Product Features<\/strong><\/p>\n<ul>\n<li>HD VIDEO \u00dcBERWACHUNG: Eine effektive hochaufl\u00f6sende L\u00f6sung f\u00fcr simultane \u00dcberwachung von Garten, Eingangst\u00fcr, Flur, Garage, B\u00fcro usw. Sie k\u00f6nnen Videostreams vor Ort oder aus der Ferne gleichzeitig sehen. Bis zu 20 Benutzers k\u00f6nnen Sie einstellen und verschiedene Nutzerrechte vergeben.<\/li>\n<li>EINFACHES KAMERASYSTEM: Der PoE-f\u00e4hige NVR l\u00e4sst sich dank des Plug-und-Play einfach mit den Reolink Kameras einsetzen, ohne jeweilig die Kamera mit zus\u00e4tzlichem Strom zu versorgen. Ohne Internetverbindung k\u00f6nnen Sie einfach die IP Kameras am NVR schlie\u00dfen und schon 24&#215;7 aufzeichnen, Live-Streams lokal ansehen oder Wiedergabe abspielen.<\/li>\n<li>AUFNAHME UND SPEICHERUNG: Sie k\u00f6nnen die 24&#215;7 Aufnahme, zeitgesteuerte Aufnahme oder Bewegungserkennung auf vorinstallierte 2-TB Festplatte od. FTP-Server speichern. Ohne das Geh\u00e4use des NVR zu \u00f6ffnen, k\u00f6nnen Sie \u00fcber seinen e-SATA-Port zus\u00e4tzlich eine externe 8TB-Festplatte anschlie\u00dfen.<\/li>\n<li>8 POE PORTS, ERWEITERBAR AUF 12 KAN\u00c4LE: Der NVR bietet insgesamt 12 Kan\u00e4le f\u00fcr Reolink PoE Kameras, Plug-in WiFi-Kameras und akkubetriebene WiFi-Kameras. 8 PoE-Ports bieten 8 Kan\u00e4le f\u00fcr PoE\/Plug-in-WiFi Kameras. Es bietet au\u00dferdem 4 Funkkan\u00e4le f\u00fcr batteriebetriebene WiFi-Kameras. Stellen Sie bitte sicher, dass die Akku-WiFi Kameras und der NVR schon auf neueste Firmware Version aktualisiert sind.<\/li>\n<li>FERNZUGRIFF UND ECHTZEITIGE ALARME: Sobald das \u00dcberwachungskamera Set eine Bewegung erkannt, macht der NVR eine Warnger\u00e4usche und Sie werden echtzeitig durch PUSH, Email Alarme informiert. Live-Ansicht bekommen Sie auf der kostenlosen Reolink App f\u00fcr Smartphone, auf Windows&#038;Mac PCs oder via IE-Browser.<\/li>\n<\/ul>\n<p><strong>Product Information<\/strong><\/p>\n<ul>\n<table style=\"margin-bottom:20px\">\n<tbody>\n<tr>\n<td><strong>Netzwerkverbindung<\/strong><\/td>\n<td>Ethernet<\/td>\n<\/tr>\n<tr>\n<td><strong>Kompatible Ger\u00e4te<\/strong><\/td>\n<td>Kamera<\/td>\n<\/tr>\n<tr>\n<td><strong>Kapazit\u00e4t des Arbeitsspeichers<\/strong><\/td>\n<td>2 TB<\/td>\n<\/tr>\n<tr>\n<td><strong>Gr\u00f6\u00dfe Festplatte<\/strong><\/td>\n<td>2 TB<\/td>\n<\/tr>\n<tr>\n<td><strong>Anzahl von Kan\u00e4len<\/strong><\/td>\n<td>8<\/td>\n<\/tr>\n<tr>\n<td><strong>Medienformat Digitale Videos<\/strong><\/td>\n<td>HDD<\/td>\n<\/tr>\n<tr>\n<td><strong>Audioeingang<\/strong><\/td>\n<td>Kameras Mikrofon<\/td>\n<\/tr>\n<tr>\n<td><strong>Anzahl USB-Ausg\u00e4nge<\/strong><\/td>\n<td>2<\/td>\n<\/tr>\n<tr>\n<td><strong>Art des unterst\u00fctzten Video-Eingangs<\/strong><\/td>\n<td>PoE<\/td>\n<\/tr>\n<tr>\n<td><strong>Artikel Abmessungen L x B x H<\/strong><\/td>\n<td>25,5L x 22B x 5H cm<\/td>\n<\/tr>\n<tr>\n<td><strong>Hersteller-Modellnummer<\/strong><\/td>\n<td>RLN8-410<\/td>\n<\/tr>\n<tr>\n<td><strong>Marke<\/strong><\/td>\n<td>Reolink<\/td>\n<\/tr>\n<tr>\n<td><strong>Hersteller<\/strong><\/td>\n<td>Reolink<\/td>\n<\/tr>\n<tr>\n<td><strong>Hersteller-Teilenummer<\/strong><\/td>\n<td>EU-RLN8-410<\/td>\n<\/tr>\n<tr>\n<td><strong>Mitgelieferte Artikel<\/strong><\/td>\n<td>1X RLN8-410, 1X NVR-Netzadapter, 1X HDMI-Kabel, 1X USB-Maus, 1X Netzwerkkabel 1 Meter, 1X Kurzanleitung<\/td>\n<\/tr>\n<tr>\n<td><strong>Garantie f\u00fcr das Produkt<\/strong><\/td>\n<td>24 monaten garantie ab kaufsdatum.<\/td>\n<\/tr>\n<tr>\n<td><strong>Herkunftsland<\/strong><\/td>\n<td>China<\/td>\n<\/tr>\n<tr>\n<td><strong>Anzahl von Einheiten<\/strong><\/td>\n<td>1.0 st\u00fcck<\/td>\n<\/tr>\n<tr>\n<td><strong>Amazon Bestseller-Rang<\/strong><\/td>\n<td><\/td>\n<\/tr>\n<tr>\n<td><strong>ASIN<\/strong><\/td>\n<td>B07DHBYRCH<\/td>\n<\/tr>\n<tr>\n<td><strong>Durchschnittliche Kundenbewertung<\/strong><\/td>\n<td><\/td>\n<\/tr>\n<\/tbody>\n<\/table>\n<\/ul>","protected":false},"excerpt":{"rendered":"<p>Product Overview Konnektivit\u00e4tstechnologie: Ethernet Kompatible Ger\u00e4te: Kamera Produktabmessungen: 25,5L x 22B x 5H cm Marke: Reolink Speicherkapazit\u00e4t: 2 TB Product<\/p>","protected":false},"featured_media":31885,"comment_status":"open","ping_status":"closed","template":"","meta":[],"product_brand":[],"product_cat":[150,151,152],"product_tag":[],"class_list":{"0":"post-31734","1":"product","2":"type-product","3":"status-publish","4":"has-post-thumbnail","6":"product_cat-collection-1","7":"product_cat-collection-2","8":"product_cat-startseite","10":"first","11":"instock","12":"sale","13":"shipping-taxable","14":"purchasable","15":"product-type-variable"},"jetpack_sharing_enabled":true,"_links":{"self":[{"href":"https:\/\/karfler.shop\/en\/wp-json\/wp\/v2\/product\/31734","targetHints":{"allow":["GET"]}}],"collection":[{"href":"https:\/\/karfler.shop\/en\/wp-json\/wp\/v2\/product"}],"about":[{"href":"https:\/\/karfler.shop\/en\/wp-json\/wp\/v2\/types\/product"}],"replies":[{"embeddable":true,"href":"https:\/\/karfler.shop\/en\/wp-json\/wp\/v2\/comments?post=31734"}],"version-history":[{"count":1,"href":"https:\/\/karfler.shop\/en\/wp-json\/wp\/v2\/product\/31734\/revisions"}],"predecessor-version":[{"id":31923,"href":"https:\/\/karfler.shop\/en\/wp-json\/wp\/v2\/product\/31734\/revisions\/31923"}],"wp:featuredmedia":[{"embeddable":true,"href":"https:\/\/karfler.shop\/en\/wp-json\/wp\/v2\/media\/31885"}],"wp:attachment":[{"href":"https:\/\/karfler.shop\/en\/wp-json\/wp\/v2\/media?parent=31734"}],"wp:term":[{"taxonomy":"product_brand","embeddable":true,"href":"https:\/\/karfler.shop\/en\/wp-json\/wp\/v2\/product_brand?post=31734"},{"taxonomy":"product_cat","embeddable":true,"href":"https:\/\/karfler.shop\/en\/wp-json\/wp\/v2\/product_cat?post=31734"},{"taxonomy":"product_tag","embeddable":true,"href":"https:\/\/karfler.shop\/en\/wp-json\/wp\/v2\/product_tag?post=31734"}],"curies":[{"name":"wp","href":"https:\/\/api.w.org\/{rel}","templated":true}]}}