{"id":31736,"date":"2026-05-10T08:11:59","date_gmt":"2026-05-10T08:11:59","guid":{"rendered":"https:\/\/karfler.shop\/product\/reolink-trackflex-floodlight-wifi-4k-wi-fi-6-ptz-uberwachungskamera-aussen-mit-3000-lumen-flutlicht3000k-6500k-auto-tracking-zoom-wlan-kamera-outdoor-mit-lokaler-ki-videosuche-270-pir-erkennung\/"},"modified":"2026-05-12T14:57:23","modified_gmt":"2026-05-12T14:57:23","slug":"reolink-trackflex-floodlight-wifi-4k-wi-fi-6-ptz-uberwachungskamera-aussen-mit-3000-lumen-flutlicht3000k-6500k-auto-tracking-zoom-wlan-kamera-outdoor-mit-lokaler-ki-videosuche-270-pir-erkennung","status":"publish","type":"product","link":"https:\/\/karfler.shop\/en\/product\/reolink-trackflex-floodlight-wifi-4k-wi-fi-6-ptz-uberwachungskamera-aussen-mit-3000-lumen-flutlicht3000k-6500k-auto-tracking-zoom-wlan-kamera-outdoor-mit-lokaler-ki-videosuche-270-pir-erkennung\/","title":{"rendered":"Reolink TrackFlex Floodlight WiFi 6, 4K PTZ, 3.000 Lumen, Auto-Tracking-Zoom, 270\u00b0 PIR, KI-Videosuche, WLAN Outdoor-Kamera"},"content":{"rendered":"<p><strong>Product Overview<\/strong><\/p>\n<ul>\n<li>\n<strong>Empfohlene Anwendungen f\u00fcr Produkt:<\/strong> Au\u00dfenbereich Sicherheit<\/li>\n<li>\n<strong>Marke:<\/strong> Reolink<\/li>\n<li>\n<strong>Modellname:<\/strong> TrackFlex Floodlight WiFi<\/li>\n<li>\n<strong>Konnektivit\u00e4tstechnologie:<\/strong> Kabellos<\/li>\n<li>\n<strong>Besonderes Merkmal:<\/strong> 4K Wi-Fi 6, Auto-Tracking-Zoom, Lokale KI-Videosuche, KI-Erkennung<\/li>\n<\/ul>\n<p><strong>Product Features<\/strong><\/p>\n<ul>\n<li>4K UHD Dual-Objektiv mit 6x Hybridzoom: Das ultraklare 4K-Weitwinkelobjektiv bietet ein breites Sichtfeld, w\u00e4hrend das Tracking-Objektiv mit 6x Hybridfokus klare Nahaufnahmen und sogar weit entfernte Details erfasst. Ideale Wahl f\u00fcr die \u00dcberwachung von Einfahrten, Vorg\u00e4rten, Hinterh\u00f6fen und Haustieren.<\/li>\n<li>270\u00b0 PIR-Erkennung + Auto-Tracking: Ausgestattet mit KI-Erkennungstechnologie und 270\u00b0 PIR-Erkennung erkennt diese 360\u00b0 schwenkbare WLAN Kamera Outdoor automatisch Personen, Fahrzeuge und Tiere auch au\u00dferhalb ihres Sichtfeldes, l\u00f6st sofort die Verfolgung des Objekts aus.<\/li>\n<li>Intelligentes Floodlight-System: Mit 3000 Lumen ultrahellen Flutlichts sorgt diese Outdoor Kamera f\u00fcr superklare Nachtsicht in jeder Umgebung. Das Beleuchtungssystem ist flexible einzustellen, inkl. Helligkeit, Farbtemperatur, mehrere Beleuchtungsmodi, zeitgesteuertes Ein- und Ausschalten.<\/li>\n<li>Lokale KI-Videosuche: Geben Sie einen beschreibenden Text ein, z. B. \u201ePerson mit Baseballkappe\u201c, um die gesuchte Person schnell und effizient in lokal gespeicherten Alarmvideos zu finden. Die gesamte Suche wird lokal auf dem Ger\u00e4t durchgef\u00fchrt, wodurch Datenschutz gew\u00e4hrleistet ist und keine zus\u00e4tzlichen Geb\u00fchren anfallen.<\/li>\n<li>24\/7-Aufzeichnung &#038; Flexible Speicherung: Diese 360\u00b0 Aussenkamera unterst\u00fctzt mehrere Speicheroptionen, darunter microSD-Karten (bis zu 512 GB), Reolink PoE &#038; WiFi NVR &#038; Reolink Home Hub\/Home Hub Pro, FTP\/NAS und Cloud, und erm\u00f6glicht so eine 24\/7-Daueraufzeichnung, ohne monatliche Geb\u00fchren f\u00fcr lokale Speicherung.<\/li>\n<li>Dualband Wi-Fi 6 &#038; Einfache Installation: Dank 2,4&#038;5GHz Wi-Fi 6 bietet diese Floodlight Cam eine schnellere und stabilere Netzwerkverbindung. Unterst\u00fctzt kabelgebundene Installation im Spannungsbereich von AC 100\u2013240 V Wechselstrom, kompatibel mit den meisten Haushaltsanschlussdosen.<\/li>\n<\/ul>\n<p><strong>Product Information<\/strong><\/p>\n<ul>\n<table style=\"margin-bottom:20px\">\n<tbody>\n<tr>\n<td><strong>Besondere Merkmale<\/strong><\/td>\n<td>4K Wi-Fi 6, Auto-Tracking-Zoom, Lokale KI-Videosuche, KI-Erkennung<\/td>\n<\/tr>\n<tr>\n<td><strong>Verwendung im Innen- und Au\u00dfenbereich<\/strong><\/td>\n<td>Au\u00dfenbereich<\/td>\n<\/tr>\n<tr>\n<td><strong>Steckerprofil<\/strong><\/td>\n<td>Wandmontage<\/td>\n<\/tr>\n<tr>\n<td><strong>Farbe<\/strong><\/td>\n<td>Wei\u00df-flutlicht<\/td>\n<\/tr>\n<tr>\n<td><strong>Warntyp<\/strong><\/td>\n<td>Nur Bewegung<\/td>\n<\/tr>\n<tr>\n<td><strong>IP-Schutzart<\/strong><\/td>\n<td>IP66<\/td>\n<\/tr>\n<tr>\n<td><strong>Steuerungsart<\/strong><\/td>\n<td>App<\/td>\n<\/tr>\n<tr>\n<td><strong>Netzwerkverbindung<\/strong><\/td>\n<td>Kabellos<\/td>\n<\/tr>\n<tr>\n<td><strong>Konnektivit\u00e4tsprotokoll<\/strong><\/td>\n<td>Wi-Fi<\/td>\n<\/tr>\n<tr>\n<td><strong>Stromquelle<\/strong><\/td>\n<td>Kabelgebunden<\/td>\n<\/tr>\n<tr>\n<td><strong>Batterien werden ben\u00f6tigt<\/strong><\/td>\n<td>Nein<\/td>\n<\/tr>\n<tr>\n<td><strong>Video-Capture-Aufl\u00f6sung<\/strong><\/td>\n<td>4k<\/td>\n<\/tr>\n<tr>\n<td><strong>Bildfrequenz<\/strong><\/td>\n<td>20 frames per second<\/td>\n<\/tr>\n<tr>\n<td><strong>Betrachtungswinkel<\/strong><\/td>\n<td>104 Grad<\/td>\n<\/tr>\n<tr>\n<td><strong>Fokussierungsfunktion<\/strong><\/td>\n<td>Autofokus<\/td>\n<\/tr>\n<tr>\n<td><strong>Zoomtyp<\/strong><\/td>\n<td>Hybrid Zoom<\/td>\n<\/tr>\n<tr>\n<td><strong>Zoomverh\u00e4ltnis<\/strong><\/td>\n<td>6<\/td>\n<\/tr>\n<tr>\n<td><strong>Empfohlene Verw.bereiche f\u00fcr Produkt<\/strong><\/td>\n<td>Au\u00dfenbereich Sicherheit<\/td>\n<\/tr>\n<tr>\n<td><strong>Marke<\/strong><\/td>\n<td>Reolink<\/td>\n<\/tr>\n<tr>\n<td><strong>Modellname<\/strong><\/td>\n<td>TrackFlex Floodlight WiFi<\/td>\n<\/tr>\n<tr>\n<td><strong>Anzahl an Einzelartikeln<\/strong><\/td>\n<td>1<\/td>\n<\/tr>\n<tr>\n<td><strong>Enthaltene Komponenten<\/strong><\/td>\n<td>TrackFlex Floodlight WiFi*1<\/td>\n<\/tr>\n<tr>\n<td><strong>Hersteller-Modellnummer<\/strong><\/td>\n<td>TrackFlex Floodlight WiFi<\/td>\n<\/tr>\n<tr>\n<td><strong>Herkunftsland<\/strong><\/td>\n<td>China<\/td>\n<\/tr>\n<tr>\n<td><strong>Verwendung<\/strong><\/td>\n<td>360-Grad-Abdeckung, \u00dcberwachung<\/td>\n<\/tr>\n<tr>\n<td><strong>Artikeltypbezeichnung<\/strong><\/td>\n<td>TrackFlex Flutlicht WiFi<\/td>\n<\/tr>\n<tr>\n<td><strong>Hersteller<\/strong><\/td>\n<td>Reolink<\/td>\n<\/tr>\n<tr>\n<td><strong>Amazon Bestseller-Rang<\/strong><\/td>\n<td><\/td>\n<\/tr>\n<tr>\n<td><strong>ASIN<\/strong><\/td>\n<td>B0F93RX78Q<\/td>\n<\/tr>\n<tr>\n<td><strong>Durchschnittliche Kundenbewertung<\/strong><\/td>\n<td><\/td>\n<\/tr>\n<tr>\n<td><strong>Videokodierung<\/strong><\/td>\n<td>H.265<\/td>\n<\/tr>\n<tr>\n<td><strong>Format f\u00fcr Videoaufnahmen<\/strong><\/td>\n<td>MP4<\/td>\n<\/tr>\n<tr>\n<td><strong>Nachtsichtbereich<\/strong><\/td>\n<td>30 Meter<\/td>\n<\/tr>\n<tr>\n<td><strong>Artikelabmessungen<\/strong><\/td>\n<td>28,3 x 18,4 x 19,9 cm<\/td>\n<\/tr>\n<tr>\n<td><strong>Anzahl von Einheiten<\/strong><\/td>\n<td>1.0 st\u00fcck<\/td>\n<\/tr>\n<\/tbody>\n<\/table>\n<\/ul>","protected":false},"excerpt":{"rendered":"<p>Product Overview Empfohlene Anwendungen f\u00fcr Produkt: Au\u00dfenbereich Sicherheit Marke: Reolink Modellname: TrackFlex Floodlight WiFi Konnektivit\u00e4tstechnologie: Kabellos Besonderes Merkmal: 4K Wi-Fi<\/p>","protected":false},"featured_media":31895,"comment_status":"open","ping_status":"closed","template":"","meta":[],"product_brand":[],"product_cat":[150,151,152],"product_tag":[],"class_list":{"0":"post-31736","1":"product","2":"type-product","3":"status-publish","4":"has-post-thumbnail","6":"product_cat-collection-1","7":"product_cat-collection-2","8":"product_cat-startseite","10":"first","11":"instock","12":"sale","13":"shipping-taxable","14":"purchasable","15":"product-type-variable"},"jetpack_sharing_enabled":true,"_links":{"self":[{"href":"https:\/\/karfler.shop\/en\/wp-json\/wp\/v2\/product\/31736","targetHints":{"allow":["GET"]}}],"collection":[{"href":"https:\/\/karfler.shop\/en\/wp-json\/wp\/v2\/product"}],"about":[{"href":"https:\/\/karfler.shop\/en\/wp-json\/wp\/v2\/types\/product"}],"replies":[{"embeddable":true,"href":"https:\/\/karfler.shop\/en\/wp-json\/wp\/v2\/comments?post=31736"}],"version-history":[{"count":1,"href":"https:\/\/karfler.shop\/en\/wp-json\/wp\/v2\/product\/31736\/revisions"}],"predecessor-version":[{"id":31924,"href":"https:\/\/karfler.shop\/en\/wp-json\/wp\/v2\/product\/31736\/revisions\/31924"}],"wp:featuredmedia":[{"embeddable":true,"href":"https:\/\/karfler.shop\/en\/wp-json\/wp\/v2\/media\/31895"}],"wp:attachment":[{"href":"https:\/\/karfler.shop\/en\/wp-json\/wp\/v2\/media?parent=31736"}],"wp:term":[{"taxonomy":"product_brand","embeddable":true,"href":"https:\/\/karfler.shop\/en\/wp-json\/wp\/v2\/product_brand?post=31736"},{"taxonomy":"product_cat","embeddable":true,"href":"https:\/\/karfler.shop\/en\/wp-json\/wp\/v2\/product_cat?post=31736"},{"taxonomy":"product_tag","embeddable":true,"href":"https:\/\/karfler.shop\/en\/wp-json\/wp\/v2\/product_tag?post=31736"}],"curies":[{"name":"wp","href":"https:\/\/api.w.org\/{rel}","templated":true}]}}